{"id":2985,"date":"2025-11-20T16:15:55","date_gmt":"2025-11-20T22:15:55","guid":{"rendered":"https:\/\/culturaaduanera.com\/tienda\/?post_type=product&#038;p=2985"},"modified":"2026-03-04T11:53:27","modified_gmt":"2026-03-04T17:53:27","slug":"ligie-rosa-2026-preventa","status":"publish","type":"product","link":"https:\/\/culturaaduanera.com\/tienda\/producto\/ligie-rosa-2026-preventa\/","title":{"rendered":"LIGIE ROSA 2026"},"content":{"rendered":"<p>Asegura tu ejemplar de la LIGIE 2026 Rosa al mejor precio<\/p>\n<p>&nbsp;<\/p>\n<p>La Ley de los Impuestos Generales de Importaci\u00f3n y de Exportaci\u00f3n 2026 (LIGIE 2026 Rosa) seguir\u00e1 disponible en preventa hasta el 31 de diciembre, con un 5% de descuento.<\/p>\n<p>Incluye modificaciones de decretos publicados en el DOF el 21 de julio y el 10 de noviembre de 2025.<\/p>\n<p>Beneficios de tu ejemplar:<\/p>\n<ul>\n<li>Actualizaci\u00f3n electr\u00f3nica gratuita durante 2026.<\/li>\n<li>Notas Nacionales.<\/li>\n<li>N\u00fameros de Identificaci\u00f3n Comercial (NICO).<\/li>\n<li>Anotaciones de los NICO.<\/li>\n<\/ul>\n<p>Precio de preventa en diciembre: $899.00 (+ gastos de env\u00edo).<\/p>\n<p>Precio de lista: $949.00 (+ gastos de env\u00edo).<\/p>\n<p>Entrega:<\/p>\n<p>\u00daltima semana de enero de 2026 (sujeta a la publicaci\u00f3n de modificaciones en el DOF).<\/p>\n<p>Gastos de env\u00edo: $150.00 (incluye IVA).<\/p>\n<p>Env\u00edo gratis a cualquier parte de la Rep\u00fablica Mexicana en compras mayores a $2,000.00<\/p>\n<p>\ud83d\udce6 Puedes reservar tus ejemplares de preventa por los siguientes medios:<\/p>\n<p><a href=\"https:\/\/culturaaduanera.com\/tienda\/producto\/ligie-rosa-2026-preventa\/\" target=\"_blank\" rel=\"noopener noreferrer\" data-link-type=\"web\">Carrito de Internet<\/a><\/p>\n<p>&nbsp;<\/p>\n<p>\u2705\u200bWhatsApp:<\/p>\n<p>55 5494 5031<\/p>\n<p>55 4036 5701<\/p>\n<p>&nbsp;<\/p>\n<p>\ud83d\udce7\u200bMail:<\/p>\n<p><a href=\"mailto:logistica@culturaaduanera.com\" target=\"_blank\" rel=\"noopener noreferrer\">logistica@culturaaduanera.com<\/a><\/p>\n<p><a href=\"mailto:ventas3@culturaaduanera.com\" target=\"_blank\" rel=\"noopener noreferrer\">ventas3@culturaaduanera.com<\/a><\/p>\n<p>&nbsp;<\/p>\n<p>\ud83d\udc68\u200d\ud83d\udcbc\u200bOficinas:<\/p>\n<p>55 2610 1158<\/p>\n<p>55 2582 8786<\/p>\n<p>&nbsp;<\/p>\n<p>\u201cExplora, Conoce y Aprende sin Fronteras\u201d<\/p>\n","protected":false},"excerpt":{"rendered":"<p>Asegura tu ejemplar de la LIGIE 2026 Rosa al mejor precio &nbsp; La Ley de los Impuestos Generales de Importaci\u00f3n y de Exportaci\u00f3n 2026 (LIGIE 2026 Rosa) seguir\u00e1 disponible en preventa hasta el 31 de diciembre, con un 5% de descuento. Incluye modificaciones de decretos publicados en el DOF el 21 de julio y el 10 de noviembre de 2025. Beneficios de tu ejemplar: Actualizaci\u00f3n electr\u00f3nica gratuita durante 2026. Notas Nacionales. N\u00fameros de Identificaci\u00f3n Comercial (NICO). Anotaciones de los NICO. Precio de preventa en diciembre: $899.00 (+ gastos de env\u00edo). Precio de lista: $949.00 (+ gastos de env\u00edo). Entrega: \u00daltima semana de enero de 2026 (sujeta a la publicaci\u00f3n de modificaciones en el DOF). Gastos de env\u00edo: $150.00 (incluye IVA). Env\u00edo gratis a cualquier parte de la Rep\u00fablica Mexicana en compras mayores a $2,000.00 \ud83d\udce6 Puedes reservar tus ejemplares de preventa por los siguientes medios: Carrito de Internet &nbsp; \u2705\u200bWhatsApp: 55 5494 5031 55 4036 5701 &nbsp; \ud83d\udce7\u200bMail: logistica@culturaaduanera.com ventas3@culturaaduanera.com &nbsp; \ud83d\udc68\u200d\ud83d\udcbc\u200bOficinas: 55 2610 1158 55 2582 8786 &nbsp; \u201cExplora, Conoce y Aprende sin Fronteras\u201d<\/p>\n","protected":false},"featured_media":2980,"comment_status":"open","ping_status":"closed","template":"","meta":[],"product_brand":[],"product_cat":[95,94],"product_tag":[335,333,334],"class_list":{"0":"post-2985","1":"product","2":"type-product","3":"status-publish","4":"has-post-thumbnail","6":"product_cat-comercio-exterior","7":"product_cat-leyes","8":"product_tag-ley-de-los-impuestos-generales-de-importacion-y-exportacion-2026","9":"product_tag-ligie-rosa-2026","10":"product_tag-tarifa-arancelaria-rosa-2026","12":"first","13":"instock","14":"shipping-taxable","15":"purchasable","16":"product-type-simple"},"_links":{"self":[{"href":"https:\/\/culturaaduanera.com\/tienda\/wp-json\/wp\/v2\/product\/2985","targetHints":{"allow":["GET"]}}],"collection":[{"href":"https:\/\/culturaaduanera.com\/tienda\/wp-json\/wp\/v2\/product"}],"about":[{"href":"https:\/\/culturaaduanera.com\/tienda\/wp-json\/wp\/v2\/types\/product"}],"replies":[{"embeddable":true,"href":"https:\/\/culturaaduanera.com\/tienda\/wp-json\/wp\/v2\/comments?post=2985"}],"wp:featuredmedia":[{"embeddable":true,"href":"https:\/\/culturaaduanera.com\/tienda\/wp-json\/wp\/v2\/media\/2980"}],"wp:attachment":[{"href":"https:\/\/culturaaduanera.com\/tienda\/wp-json\/wp\/v2\/media?parent=2985"}],"wp:term":[{"taxonomy":"product_brand","embeddable":true,"href":"https:\/\/culturaaduanera.com\/tienda\/wp-json\/wp\/v2\/product_brand?post=2985"},{"taxonomy":"product_cat","embeddable":true,"href":"https:\/\/culturaaduanera.com\/tienda\/wp-json\/wp\/v2\/product_cat?post=2985"},{"taxonomy":"product_tag","embeddable":true,"href":"https:\/\/culturaaduanera.com\/tienda\/wp-json\/wp\/v2\/product_tag?post=2985"}],"curies":[{"name":"wp","href":"https:\/\/api.w.org\/{rel}","templated":true}]}}