{"id":2981,"date":"2025-11-20T15:46:19","date_gmt":"2025-11-20T21:46:19","guid":{"rendered":"https:\/\/culturaaduanera.com\/tienda\/?post_type=product&#038;p=2981"},"modified":"2026-03-04T11:54:00","modified_gmt":"2026-03-04T17:54:00","slug":"compendio-aduanero-2026-preventa","status":"publish","type":"product","link":"https:\/\/culturaaduanera.com\/tienda\/producto\/compendio-aduanero-2026-preventa\/","title":{"rendered":"Compendio Aduanero 2026 2 Tomos"},"content":{"rendered":"<p>Presentamos el <strong>Compendio Aduanero 2026<\/strong>, una obra totalmente nueva que concentra, en dos tomos, la reforma m\u00e1s importante a la Ley Aduanera en los \u00faltimos a\u00f1os y toda la normativa esencial para comprenderla y aplicarla correctamente.<\/p>\n<p>Aprovecha el descuento en preventa hasta el 31 de diciembre <strong>con un 5\u202f% de descuento<\/strong> y asegurar tu ejemplar antes de su lanzamiento.<\/p>\n<p>&nbsp;<\/p>\n<p><strong>Incluye (en dos tomos):<\/strong><br \/>\n\u2022 Ley Aduanera y su reglamento<br \/>\n\u2022 Ley de Comercio Exterior y su reglamento<br \/>\n\u2022 Ley Federal de Derechos (Selecci\u00f3n de art\u00edculos)<br \/>\n\u2022 Reglas Generales de Comercio Exterior para 2026 y sus Anexos<br \/>\n\u2022 Ley del SAT y su reglamento (Selecci\u00f3n de art\u00edculos)<br \/>\n\u2022 Reglamento Interior de la Agencia Nacional de Aduanas de M\u00e9xico<br \/>\n\u2022 Reglamento Interior de la Secretar\u00eda de Econom\u00eda<br \/>\n\u2022 Acuerdos y decretos diversos<br \/>\n\u2022 Material electr\u00f3nico adicional<\/p>\n<p>&nbsp;<\/p>\n<p><strong>Precio de preventa:<\/strong><br \/>\n\ud83d\udcb5 <strong>$1,089.<sup>00<\/sup><\/strong> + gastos de env\u00edo <em>(precio regular: $1,149.<sup>00<\/sup>)<\/em><\/p>\n<p>&nbsp;<\/p>\n<p><strong>Beneficios editoriales:<\/strong><\/p>\n<p>\u2714 Actualizaci\u00f3n electr\u00f3nica gratuita durante 2026<br \/>\n\u2714 Formato pr\u00e1ctico: 16.5 \u00d7 22.5 cm<br \/>\n\u2714 Papel acremado para lectura c\u00f3moda y peso ligero<br \/>\n\u2714 \u00cdndice tem\u00e1tico y t\u00edtulos destacados<br \/>\n\u2714 Correlaciones normativas entre leyes y reglamentos<br \/>\n\u2714 Cuadros, diagramas y esquemas explicativos<\/p>\n<p>&nbsp;<\/p>\n<p>\ud83d\udcc5 <strong>Entrega estimada:<\/strong> \u00daltima semana de febrero de 2026 <em>(sujeta a publicaci\u00f3n de modificaciones en DOF)<\/em><br \/>\n\ud83d\ude9b <strong>Gastos de env\u00edo:<\/strong> $150.<sup>00<\/sup> (IVA incluido)<br \/>\n\ud83d\udce6 <strong>Env\u00edo gratis<\/strong> a toda la Rep\u00fablica Mexicana en compras mayores a $2,000.<sup>00<\/sup><\/p>\n","protected":false},"excerpt":{"rendered":"<p>Presentamos el Compendio Aduanero 2026, una obra totalmente nueva que concentra, en dos tomos, la reforma m\u00e1s importante a la Ley Aduanera en los \u00faltimos a\u00f1os y toda la normativa esencial para comprenderla y aplicarla correctamente. Aprovecha el descuento en preventa hasta el 31 de diciembre con un 5\u202f% de descuento y asegurar tu ejemplar antes de su lanzamiento. &nbsp; Incluye (en dos tomos): \u2022 Ley Aduanera y su reglamento \u2022 Ley de Comercio Exterior y su reglamento \u2022 Ley Federal de Derechos (Selecci\u00f3n de art\u00edculos) \u2022 Reglas Generales de Comercio Exterior para 2026 y sus Anexos \u2022 Ley del SAT y su reglamento (Selecci\u00f3n de art\u00edculos) \u2022 Reglamento Interior de la Agencia Nacional de Aduanas de M\u00e9xico \u2022 Reglamento Interior de la Secretar\u00eda de Econom\u00eda \u2022 Acuerdos y decretos diversos \u2022 Material electr\u00f3nico adicional &nbsp; Precio de preventa: \ud83d\udcb5 $1,089.00 + gastos de env\u00edo (precio regular: $1,149.00) &nbsp; Beneficios editoriales: \u2714 Actualizaci\u00f3n electr\u00f3nica gratuita durante 2026 \u2714 Formato pr\u00e1ctico: 16.5 \u00d7 22.5 cm \u2714 Papel acremado para lectura c\u00f3moda y peso ligero \u2714 \u00cdndice tem\u00e1tico y t\u00edtulos destacados \u2714 Correlaciones normativas entre leyes y reglamentos \u2714 Cuadros, diagramas y esquemas explicativos &nbsp; \ud83d\udcc5 Entrega estimada: \u00daltima semana de febrero de 2026 (sujeta a publicaci\u00f3n de modificaciones en DOF) \ud83d\ude9b Gastos de env\u00edo: $150.00 (IVA incluido) \ud83d\udce6 Env\u00edo gratis a toda la Rep\u00fablica Mexicana en compras mayores a $2,000.00<\/p>\n","protected":false},"featured_media":2977,"comment_status":"open","ping_status":"closed","template":"","meta":[],"product_brand":[],"product_cat":[95,94],"product_tag":[326],"class_list":{"0":"post-2981","1":"product","2":"type-product","3":"status-publish","4":"has-post-thumbnail","6":"product_cat-comercio-exterior","7":"product_cat-leyes","8":"product_tag-compendio-aduanero","10":"first","11":"instock","12":"shipping-taxable","13":"purchasable","14":"product-type-simple"},"_links":{"self":[{"href":"https:\/\/culturaaduanera.com\/tienda\/wp-json\/wp\/v2\/product\/2981","targetHints":{"allow":["GET"]}}],"collection":[{"href":"https:\/\/culturaaduanera.com\/tienda\/wp-json\/wp\/v2\/product"}],"about":[{"href":"https:\/\/culturaaduanera.com\/tienda\/wp-json\/wp\/v2\/types\/product"}],"replies":[{"embeddable":true,"href":"https:\/\/culturaaduanera.com\/tienda\/wp-json\/wp\/v2\/comments?post=2981"}],"wp:featuredmedia":[{"embeddable":true,"href":"https:\/\/culturaaduanera.com\/tienda\/wp-json\/wp\/v2\/media\/2977"}],"wp:attachment":[{"href":"https:\/\/culturaaduanera.com\/tienda\/wp-json\/wp\/v2\/media?parent=2981"}],"wp:term":[{"taxonomy":"product_brand","embeddable":true,"href":"https:\/\/culturaaduanera.com\/tienda\/wp-json\/wp\/v2\/product_brand?post=2981"},{"taxonomy":"product_cat","embeddable":true,"href":"https:\/\/culturaaduanera.com\/tienda\/wp-json\/wp\/v2\/product_cat?post=2981"},{"taxonomy":"product_tag","embeddable":true,"href":"https:\/\/culturaaduanera.com\/tienda\/wp-json\/wp\/v2\/product_tag?post=2981"}],"curies":[{"name":"wp","href":"https:\/\/api.w.org\/{rel}","templated":true}]}}