{"id":2806,"date":"2025-02-19T17:31:18","date_gmt":"2025-02-19T23:31:18","guid":{"rendered":"https:\/\/culturaaduanera.com\/tienda\/?post_type=product&#038;p=2806"},"modified":"2026-03-11T10:51:06","modified_gmt":"2026-03-11T16:51:06","slug":"cumplimiento-de-las-regulaciones-y-restricciones-no-arancelarias","status":"publish","type":"product","link":"https:\/\/culturaaduanera.com\/tienda\/producto\/cumplimiento-de-las-regulaciones-y-restricciones-no-arancelarias\/","title":{"rendered":"Cumplimiento de las Regulaciones y Restricciones No Arancelarias"},"content":{"rendered":"<p>En el presente libro se realiza un an\u00e1lisis del concepto de Mercanc\u00edas con \u00e9nfasis en la legislaci\u00f3n aduanera mexicana, con respecto al sistema aduanero internacional. Adicionalmente, se efect\u00faa un estudio pr\u00e1ctico del cumplimiento de las Regulaciones y Restricciones No Arancelarias al que se encuentran sujetas las mercanc\u00edas que se introducen o extraen de territorio nacional.<br \/>\nEn esta tesitura, conoceremos los diversos instrumentos normativos aduaneros y del comercio exterior que son expedidos por la Secretar\u00eda de Econom\u00eda, y de manera coordinada con otras dependencias p\u00fablicas, as\u00ed como las emitidas por el Servicio de Administraci\u00f3n Tributaria, que forman parte del marco jur\u00eddico de nuestro pa\u00eds.<br \/>\nEsta obra se encuentra dirigida a los profesionales del comercio exterior y aduanas, agentes aduanales, importadores, exportadores, abogados, representantes del despacho y todos aquellos que desean especializarse en la materia. Adem\u00e1s, podr\u00e1 servir de gu\u00eda para los estudiantes universitarios de las licenciaturas de comercio exterior y aduanas, cadenas de suministro, derecho, log\u00edstica, y \u00e1reas afines.<\/p>\n","protected":false},"excerpt":{"rendered":"<p>En el presente libro se realiza un an\u00e1lisis del concepto de Mercanc\u00edas con \u00e9nfasis en la legislaci\u00f3n aduanera mexicana, con respecto al sistema aduanero internacional. Adicionalmente, se efect\u00faa un estudio pr\u00e1ctico del cumplimiento de las Regulaciones y Restricciones No Arancelarias al que se encuentran sujetas las mercanc\u00edas que se introducen o extraen de territorio nacional. En esta tesitura, conoceremos los diversos instrumentos normativos aduaneros y del comercio exterior que son expedidos por la Secretar\u00eda de Econom\u00eda, y de manera coordinada con otras dependencias p\u00fablicas, as\u00ed como las emitidas por el Servicio de Administraci\u00f3n Tributaria, que forman parte del marco jur\u00eddico de nuestro pa\u00eds. Esta obra se encuentra dirigida a los profesionales del comercio exterior y aduanas, agentes aduanales, importadores, exportadores, abogados, representantes del despacho y todos aquellos que desean especializarse en la materia. Adem\u00e1s, podr\u00e1 servir de gu\u00eda para los estudiantes universitarios de las licenciaturas de comercio exterior y aduanas, cadenas de suministro, derecho, log\u00edstica, y \u00e1reas afines.<\/p>\n","protected":false},"featured_media":2807,"comment_status":"open","ping_status":"closed","template":"","meta":[],"product_brand":[],"product_cat":[103,297,102,296],"product_tag":[264,265],"class_list":{"0":"post-2806","1":"product","2":"type-product","3":"status-publish","4":"has-post-thumbnail","6":"product_cat-comercio-exterior-libros","7":"product_cat-descuentos-ml","8":"product_cat-libros","9":"product_cat-mes-del-libro","10":"product_tag-regulaciones-no-arancelarias","11":"product_tag-restricciones-no-arancelarias","13":"first","14":"instock","15":"shipping-taxable","16":"purchasable","17":"product-type-simple"},"_links":{"self":[{"href":"https:\/\/culturaaduanera.com\/tienda\/wp-json\/wp\/v2\/product\/2806","targetHints":{"allow":["GET"]}}],"collection":[{"href":"https:\/\/culturaaduanera.com\/tienda\/wp-json\/wp\/v2\/product"}],"about":[{"href":"https:\/\/culturaaduanera.com\/tienda\/wp-json\/wp\/v2\/types\/product"}],"replies":[{"embeddable":true,"href":"https:\/\/culturaaduanera.com\/tienda\/wp-json\/wp\/v2\/comments?post=2806"}],"wp:featuredmedia":[{"embeddable":true,"href":"https:\/\/culturaaduanera.com\/tienda\/wp-json\/wp\/v2\/media\/2807"}],"wp:attachment":[{"href":"https:\/\/culturaaduanera.com\/tienda\/wp-json\/wp\/v2\/media?parent=2806"}],"wp:term":[{"taxonomy":"product_brand","embeddable":true,"href":"https:\/\/culturaaduanera.com\/tienda\/wp-json\/wp\/v2\/product_brand?post=2806"},{"taxonomy":"product_cat","embeddable":true,"href":"https:\/\/culturaaduanera.com\/tienda\/wp-json\/wp\/v2\/product_cat?post=2806"},{"taxonomy":"product_tag","embeddable":true,"href":"https:\/\/culturaaduanera.com\/tienda\/wp-json\/wp\/v2\/product_tag?post=2806"}],"curies":[{"name":"wp","href":"https:\/\/api.w.org\/{rel}","templated":true}]}}