{"id":2762,"date":"2024-12-16T13:35:12","date_gmt":"2024-12-16T19:35:12","guid":{"rendered":"https:\/\/culturaaduanera.com\/tienda\/?post_type=product&#038;p=2762"},"modified":"2025-07-16T11:30:31","modified_gmt":"2025-07-16T16:30:31","slug":"t-mec-nuevas-reglas-del-comercio-en-norteamerica","status":"publish","type":"product","link":"https:\/\/culturaaduanera.com\/tienda\/producto\/t-mec-nuevas-reglas-del-comercio-en-norteamerica\/","title":{"rendered":"T-MEC &#8211; Nuevas Reglas del Comercio en Norteam\u00e9rica"},"content":{"rendered":"<p><strong>T-MEC<\/strong><\/p>\n<p>Nuevas Reglas del Comercio en Norteam\u00e9rica<\/p>\n<p>&nbsp;<\/p>\n<p>El desarrollo econ\u00f3mico de Norteam\u00e9rica en las \u00faltimas tres d\u00e9cadas s\u00f3lo puede explicarse a partir de la irrupci\u00f3n en 1994, del Tratado de Libre Comercio de Am\u00e9rica del Norte (TLCAN) que facilit\u00f3 el comercio entre las naciones norteamericanas.<\/p>\n<p>La aparici\u00f3n de nuevas formas de hacer negocios (como lo es el comercio electr\u00f3nico) y la ausencia de modificaciones que permitieran la mejora del acuerdo comercial durante su vigencia de m\u00e1s de 25 a\u00f1os, aunado al evidente factor pol\u00edtico que incorpor\u00f3 el Presidente Trump en el escenario comercial de la regi\u00f3n, son elementos que convergen y que dan como resultado una evoluci\u00f3n de las reglas del TLCAN y su sustituci\u00f3n por el Tratado M\u00e9xico, Estados Unidos y Canad\u00e1 (T-MEC).<\/p>\n<p>En este sentido, el conocer las implicaciones, beneficios y obligaciones que derivan de la aplicaci\u00f3n del T-MEC, puede resultar un trabajo arduo y laborioso, considerando la complejidad de la lectura de sus disposiciones.<\/p>\n<p>Para facilitar el estudio del tratado, esta obra ofrece al lector una visi\u00f3n que combina teor\u00eda y pr\u00e1ctica de las disposiciones m\u00e1s relevantes del T-MEC, a partir de la experiencia y dedicaci\u00f3n del autor en la interpretaci\u00f3n y aplicaci\u00f3n de acuerdos comerciales.<\/p>\n<p>A trav\u00e9s de ejemplos, el lector encontrar\u00e1 una explicaci\u00f3n sencilla de las distintas figuras reguladas en el acuerdo, de los cambios m\u00e1s significativos en las reglas del comercio en Norteam\u00e9rica, a partir de la transformaci\u00f3n del TLCAN en el T-MEC.<\/p>\n<p>Los temas t\u00e9cnicos del acuerdo, abordados con un lenguaje ameno y con uso de casos pr\u00e1cticos, permitir\u00e1n al lector conocer la importancia de la regulaci\u00f3n del T-MEC en materias como la determinaci\u00f3n y pago de contribuciones al comercio exterior, reglas y certificado de origen, sector textil, industria automotriz, nuevas obligaciones para los importadores y exportadores, procedimientos aduaneros y facilitaci\u00f3n comercial.<\/p>\n","protected":false},"excerpt":{"rendered":"<p>T-MEC Nuevas Reglas del Comercio en Norteam\u00e9rica &nbsp; El desarrollo econ\u00f3mico de Norteam\u00e9rica en las \u00faltimas tres d\u00e9cadas s\u00f3lo puede explicarse a partir de la irrupci\u00f3n en 1994, del Tratado de Libre Comercio de Am\u00e9rica del Norte (TLCAN) que facilit\u00f3 el comercio entre las naciones norteamericanas. La aparici\u00f3n de nuevas formas de hacer negocios (como lo es el comercio electr\u00f3nico) y la ausencia de modificaciones que permitieran la mejora del acuerdo comercial durante su vigencia de m\u00e1s de 25 a\u00f1os, aunado al evidente factor pol\u00edtico que incorpor\u00f3 el Presidente Trump en el escenario comercial de la regi\u00f3n, son elementos que convergen y que dan como resultado una evoluci\u00f3n de las reglas del TLCAN y su sustituci\u00f3n por el Tratado M\u00e9xico, Estados Unidos y Canad\u00e1 (T-MEC). En este sentido, el conocer las implicaciones, beneficios y obligaciones que derivan de la aplicaci\u00f3n del T-MEC, puede resultar un trabajo arduo y laborioso, considerando la complejidad de la lectura de sus disposiciones. Para facilitar el estudio del tratado, esta obra ofrece al lector una visi\u00f3n que combina teor\u00eda y pr\u00e1ctica de las disposiciones m\u00e1s relevantes del T-MEC, a partir de la experiencia y dedicaci\u00f3n del autor en la interpretaci\u00f3n y aplicaci\u00f3n de acuerdos comerciales. A trav\u00e9s de ejemplos, el lector encontrar\u00e1 una explicaci\u00f3n sencilla de las distintas figuras reguladas en el acuerdo, de los cambios m\u00e1s significativos en las reglas del comercio en Norteam\u00e9rica, a partir de la transformaci\u00f3n del TLCAN en el T-MEC. Los temas t\u00e9cnicos del acuerdo, abordados con un lenguaje ameno y con uso de casos pr\u00e1cticos, permitir\u00e1n al lector conocer la importancia de la regulaci\u00f3n del T-MEC en materias como la determinaci\u00f3n y pago de contribuciones al comercio exterior, reglas y certificado de origen, sector textil, industria automotriz, nuevas obligaciones para los importadores y exportadores, procedimientos aduaneros y facilitaci\u00f3n comercial.<\/p>\n","protected":false},"featured_media":2763,"comment_status":"open","ping_status":"closed","template":"","meta":[],"product_brand":[],"product_cat":[103,102],"product_tag":[260],"class_list":{"0":"post-2762","1":"product","2":"type-product","3":"status-publish","4":"has-post-thumbnail","6":"product_cat-comercio-exterior-libros","7":"product_cat-libros","8":"product_tag-t-mec","10":"first","11":"instock","12":"shipping-taxable","13":"purchasable","14":"product-type-simple"},"_links":{"self":[{"href":"https:\/\/culturaaduanera.com\/tienda\/wp-json\/wp\/v2\/product\/2762","targetHints":{"allow":["GET"]}}],"collection":[{"href":"https:\/\/culturaaduanera.com\/tienda\/wp-json\/wp\/v2\/product"}],"about":[{"href":"https:\/\/culturaaduanera.com\/tienda\/wp-json\/wp\/v2\/types\/product"}],"replies":[{"embeddable":true,"href":"https:\/\/culturaaduanera.com\/tienda\/wp-json\/wp\/v2\/comments?post=2762"}],"wp:featuredmedia":[{"embeddable":true,"href":"https:\/\/culturaaduanera.com\/tienda\/wp-json\/wp\/v2\/media\/2763"}],"wp:attachment":[{"href":"https:\/\/culturaaduanera.com\/tienda\/wp-json\/wp\/v2\/media?parent=2762"}],"wp:term":[{"taxonomy":"product_brand","embeddable":true,"href":"https:\/\/culturaaduanera.com\/tienda\/wp-json\/wp\/v2\/product_brand?post=2762"},{"taxonomy":"product_cat","embeddable":true,"href":"https:\/\/culturaaduanera.com\/tienda\/wp-json\/wp\/v2\/product_cat?post=2762"},{"taxonomy":"product_tag","embeddable":true,"href":"https:\/\/culturaaduanera.com\/tienda\/wp-json\/wp\/v2\/product_tag?post=2762"}],"curies":[{"name":"wp","href":"https:\/\/api.w.org\/{rel}","templated":true}]}}