{"id":2756,"date":"2024-12-16T13:30:37","date_gmt":"2024-12-16T19:30:37","guid":{"rendered":"https:\/\/culturaaduanera.com\/tienda\/?post_type=product&#038;p=2756"},"modified":"2025-07-16T11:30:51","modified_gmt":"2025-07-16T16:30:51","slug":"gestion-de-riesgos-aduaneros-resiliencia-del-comercio-exterior","status":"publish","type":"product","link":"https:\/\/culturaaduanera.com\/tienda\/producto\/gestion-de-riesgos-aduaneros-resiliencia-del-comercio-exterior\/","title":{"rendered":"Gesti\u00f3n de Riesgos Aduaneros &#8211; Resiliencia del Comercio Exterior"},"content":{"rendered":"<p><strong>Gesti\u00f3n de Riesgos Aduaneros<\/strong><\/p>\n<p>Resiliencia del Comercio Exterior<\/p>\n<p>&nbsp;<\/p>\n<p>\u00bfSe ha presentado un evento disruptivo en tus operaciones de comercio exterior y aduanas?<\/p>\n<p>&nbsp;<\/p>\n<p>Alguna infracci\u00f3n, aplicaci\u00f3n de una sanci\u00f3n aduanera, demoras, gastos extraordinarios, errores en la clasificaci\u00f3n arancelaria, en la determinaci\u00f3n del origen de la mercanc\u00eda, en su valoraci\u00f3n aduanera, en la negociaci\u00f3n del Incoterms\u00e2, en el pago de contribuciones, falta de documentaci\u00f3n en el archivo electr\u00f3nico de comercio exterior, incremento de costos, entre otros. \u00bfTe es familiar?<\/p>\n<p>&nbsp;<\/p>\n<p>La presente obra te permite visualizar Ia aplicaci\u00f3n de la Gesti\u00f3n de Riesgos de manera transversal en las importaciones y exportaciones de mercanc\u00edas, considerando las recomendaciones y buenas pr\u00e1cticas de diversas normas, como lo son: la <strong>ISO 31000:2018, ISO 31010:2019, ISO 22301:2021, ISO 28000:2022 e ISO 31073:2022<\/strong> principalmente.<\/p>\n<p>&nbsp;<\/p>\n<p>Mediante esta obra \u00fanica, descubre de manera f\u00e1cil y sencilla c\u00f3mo la aplicaci\u00f3n de la metodolog\u00eda de Gesti\u00f3n de Riesgos te permitir\u00e1 implementar un Despacho Aduanero Resiliente de tus operaciones de importaci\u00f3n y exportaci\u00f3n de mercanc\u00edas.<\/p>\n<p>Fortalece tu capacidad para identificar, analizar y tratar los riesgos de las operaciones de comercio exterior, para establecer Controles preventivos y correctivos y finalmente, poder Reanudar los procesos de despacho en un menor tiempo y costo, en caso de una interrupci\u00f3n o desviaci\u00f3n.<\/p>\n<p>&nbsp;<\/p>\n<p>Considerar la Gesti\u00f3n de Riesgos en las operaciones de comercio exterior, es una herramienta garantizada que te permitir\u00e1 tener un mayor control antes, durante y despu\u00e9s del Despacho, as\u00ed como fomentar la Mejora Continua.<\/p>\n<p>&nbsp;<\/p>\n<p>Fortalece tu <strong>posici\u00f3n estrat\u00e9gica<\/strong> como parte del \u00e1rea de comercio exterior y aduanas en tu empresa, a trav\u00e9s de <strong>Decisiones Informadas<\/strong> y de un <strong>Pensamiento basado en riesgos. <\/strong><\/p>\n<p>&nbsp;<\/p>\n<p>Finalmente, <strong>Mejora tus Resultados, los de tu empresa y sus Proveedores cr\u00edticos,<\/strong> mediante la implementaci\u00f3n de la Gesti\u00f3n de Riesgos aduaneros.<\/p>\n","protected":false},"excerpt":{"rendered":"<p>Gesti\u00f3n de Riesgos Aduaneros Resiliencia del Comercio Exterior &nbsp; \u00bfSe ha presentado un evento disruptivo en tus operaciones de comercio exterior y aduanas? &nbsp; Alguna infracci\u00f3n, aplicaci\u00f3n de una sanci\u00f3n aduanera, demoras, gastos extraordinarios, errores en la clasificaci\u00f3n arancelaria, en la determinaci\u00f3n del origen de la mercanc\u00eda, en su valoraci\u00f3n aduanera, en la negociaci\u00f3n del Incoterms\u00e2, en el pago de contribuciones, falta de documentaci\u00f3n en el archivo electr\u00f3nico de comercio exterior, incremento de costos, entre otros. \u00bfTe es familiar? &nbsp; La presente obra te permite visualizar Ia aplicaci\u00f3n de la Gesti\u00f3n de Riesgos de manera transversal en las importaciones y exportaciones de mercanc\u00edas, considerando las recomendaciones y buenas pr\u00e1cticas de diversas normas, como lo son: la ISO 31000:2018, ISO 31010:2019, ISO 22301:2021, ISO 28000:2022 e ISO 31073:2022 principalmente. &nbsp; Mediante esta obra \u00fanica, descubre de manera f\u00e1cil y sencilla c\u00f3mo la aplicaci\u00f3n de la metodolog\u00eda de Gesti\u00f3n de Riesgos te permitir\u00e1 implementar un Despacho Aduanero Resiliente de tus operaciones de importaci\u00f3n y exportaci\u00f3n de mercanc\u00edas. Fortalece tu capacidad para identificar, analizar y tratar los riesgos de las operaciones de comercio exterior, para establecer Controles preventivos y correctivos y finalmente, poder Reanudar los procesos de despacho en un menor tiempo y costo, en caso de una interrupci\u00f3n o desviaci\u00f3n. &nbsp; Considerar la Gesti\u00f3n de Riesgos en las operaciones de comercio exterior, es una herramienta garantizada que te permitir\u00e1 tener un mayor control antes, durante y despu\u00e9s del Despacho, as\u00ed como fomentar la Mejora Continua. &nbsp; Fortalece tu posici\u00f3n estrat\u00e9gica como parte del \u00e1rea de comercio exterior y aduanas en tu empresa, a trav\u00e9s de Decisiones Informadas y de un Pensamiento basado en riesgos. &nbsp; Finalmente, Mejora tus Resultados, los de tu empresa y sus Proveedores cr\u00edticos, mediante la implementaci\u00f3n de la Gesti\u00f3n de Riesgos aduaneros.<\/p>\n","protected":false},"featured_media":2757,"comment_status":"open","ping_status":"closed","template":"","meta":[],"product_brand":[],"product_cat":[103,102],"product_tag":[258],"class_list":{"0":"post-2756","1":"product","2":"type-product","3":"status-publish","4":"has-post-thumbnail","6":"product_cat-comercio-exterior-libros","7":"product_cat-libros","8":"product_tag-gestion-riesgos-aduaneros","10":"first","11":"instock","12":"shipping-taxable","13":"purchasable","14":"product-type-simple"},"_links":{"self":[{"href":"https:\/\/culturaaduanera.com\/tienda\/wp-json\/wp\/v2\/product\/2756","targetHints":{"allow":["GET"]}}],"collection":[{"href":"https:\/\/culturaaduanera.com\/tienda\/wp-json\/wp\/v2\/product"}],"about":[{"href":"https:\/\/culturaaduanera.com\/tienda\/wp-json\/wp\/v2\/types\/product"}],"replies":[{"embeddable":true,"href":"https:\/\/culturaaduanera.com\/tienda\/wp-json\/wp\/v2\/comments?post=2756"}],"wp:featuredmedia":[{"embeddable":true,"href":"https:\/\/culturaaduanera.com\/tienda\/wp-json\/wp\/v2\/media\/2757"}],"wp:attachment":[{"href":"https:\/\/culturaaduanera.com\/tienda\/wp-json\/wp\/v2\/media?parent=2756"}],"wp:term":[{"taxonomy":"product_brand","embeddable":true,"href":"https:\/\/culturaaduanera.com\/tienda\/wp-json\/wp\/v2\/product_brand?post=2756"},{"taxonomy":"product_cat","embeddable":true,"href":"https:\/\/culturaaduanera.com\/tienda\/wp-json\/wp\/v2\/product_cat?post=2756"},{"taxonomy":"product_tag","embeddable":true,"href":"https:\/\/culturaaduanera.com\/tienda\/wp-json\/wp\/v2\/product_tag?post=2756"}],"curies":[{"name":"wp","href":"https:\/\/api.w.org\/{rel}","templated":true}]}}