{"id":2752,"date":"2024-12-16T12:38:55","date_gmt":"2024-12-16T18:38:55","guid":{"rendered":"https:\/\/culturaaduanera.com\/tienda\/?post_type=product&#038;p=2752"},"modified":"2026-03-11T10:52:03","modified_gmt":"2026-03-11T16:52:03","slug":"comercio-exterior-sin-barreras","status":"publish","type":"product","link":"https:\/\/culturaaduanera.com\/tienda\/producto\/comercio-exterior-sin-barreras\/","title":{"rendered":"Comercio Exterior Sin Barreras &#8211; Todo lo que usted necesita saber en materia Aduanera y de Comercio Exterior"},"content":{"rendered":"<p>Comercio Exterior Sin Barreras<br \/>\nTodo lo que usted necesita saber en materia Aduanera y de Comercio Exterior<\/p>\n<p>Esta obra con 25 a\u00f1os en el medio es reconocida dentro de la esfera acad\u00e9mica, en las universidades, institutos de investigaci\u00f3n y escuelas del pa\u00eds, as\u00ed como en el \u00e1mbito profesional y pr\u00e1ctico, ya que tiene como prop\u00f3sito compartir de manera amena una visi\u00f3n sencilla dei comercio exterior y aduanas en M\u00e9xico. Para ello, se utiliza la metodolog\u00eda de plantear una serie de preguntas, respuestas y recomendaciones de los principales temas acerca del vasto y din\u00e1mico campo de conocimiento en materia de comercio exterior y aduanas.<\/p>\n<p>Esta nueva edici\u00f3n se ha actualizado para incluir los aspectos m\u00e1s importantes y de relevancia comercial, tales como: el r\u00e9gimen jur\u00eddico del comercio exterior y aduanas, el Despacho Aduanero Electr\u00f3nico de mercanc\u00edas, la Agencia Nacional de Aduanas de M\u00e9xico (ANAM), la operaci\u00f3n aduanera del TMEC y del CPTPP, los aspectos fiscales del comercio exterior y aduanas, el Nearshoring, el Despacho Aduanero Inteligente, el E-commerce, la Inteligencia Artificial y su relaci\u00f3n con la log\u00edstica, el transporte, el almacenamiento, las Importaciones y exportaciones de mercanc\u00edas, el CFDI de Ingreso o de Traslado y el Complemento Carta Porte, las facultades de fiscalizaci\u00f3n de la autoridad; as\u00ed como diversos ordenamientos jur\u00eddicos relacionados directa e indirectamente con el comercio internacional.<\/p>\n<p>En este sentido, este libro est\u00e1 dirigido a todos aquellos profesionistas, catedr\u00e1ticos, investigadores y estudiantes interesados en la materia, por lo que ser\u00e1 una valiosa herramienta de apoyo para quienes gusten conocer los temas del comercio exterior y aduanas sin barreras.<\/p>\n","protected":false},"excerpt":{"rendered":"<p>Comercio Exterior Sin Barreras Todo lo que usted necesita saber en materia Aduanera y de Comercio Exterior Esta obra con 25 a\u00f1os en el medio es reconocida dentro de la esfera acad\u00e9mica, en las universidades, institutos de investigaci\u00f3n y escuelas del pa\u00eds, as\u00ed como en el \u00e1mbito profesional y pr\u00e1ctico, ya que tiene como prop\u00f3sito compartir de manera amena una visi\u00f3n sencilla dei comercio exterior y aduanas en M\u00e9xico. Para ello, se utiliza la metodolog\u00eda de plantear una serie de preguntas, respuestas y recomendaciones de los principales temas acerca del vasto y din\u00e1mico campo de conocimiento en materia de comercio exterior y aduanas. Esta nueva edici\u00f3n se ha actualizado para incluir los aspectos m\u00e1s importantes y de relevancia comercial, tales como: el r\u00e9gimen jur\u00eddico del comercio exterior y aduanas, el Despacho Aduanero Electr\u00f3nico de mercanc\u00edas, la Agencia Nacional de Aduanas de M\u00e9xico (ANAM), la operaci\u00f3n aduanera del TMEC y del CPTPP, los aspectos fiscales del comercio exterior y aduanas, el Nearshoring, el Despacho Aduanero Inteligente, el E-commerce, la Inteligencia Artificial y su relaci\u00f3n con la log\u00edstica, el transporte, el almacenamiento, las Importaciones y exportaciones de mercanc\u00edas, el CFDI de Ingreso o de Traslado y el Complemento Carta Porte, las facultades de fiscalizaci\u00f3n de la autoridad; as\u00ed como diversos ordenamientos jur\u00eddicos relacionados directa e indirectamente con el comercio internacional. En este sentido, este libro est\u00e1 dirigido a todos aquellos profesionistas, catedr\u00e1ticos, investigadores y estudiantes interesados en la materia, por lo que ser\u00e1 una valiosa herramienta de apoyo para quienes gusten conocer los temas del comercio exterior y aduanas sin barreras.<\/p>\n","protected":false},"featured_media":2753,"comment_status":"open","ping_status":"closed","template":"","meta":[],"product_brand":[],"product_cat":[103,297,102,296],"product_tag":[281],"class_list":{"0":"post-2752","1":"product","2":"type-product","3":"status-publish","4":"has-post-thumbnail","6":"product_cat-comercio-exterior-libros","7":"product_cat-descuentos-ml","8":"product_cat-libros","9":"product_cat-mes-del-libro","10":"product_tag-comercio-exterior-sin-barreras","12":"first","13":"instock","14":"shipping-taxable","15":"purchasable","16":"product-type-simple"},"_links":{"self":[{"href":"https:\/\/culturaaduanera.com\/tienda\/wp-json\/wp\/v2\/product\/2752","targetHints":{"allow":["GET"]}}],"collection":[{"href":"https:\/\/culturaaduanera.com\/tienda\/wp-json\/wp\/v2\/product"}],"about":[{"href":"https:\/\/culturaaduanera.com\/tienda\/wp-json\/wp\/v2\/types\/product"}],"replies":[{"embeddable":true,"href":"https:\/\/culturaaduanera.com\/tienda\/wp-json\/wp\/v2\/comments?post=2752"}],"wp:featuredmedia":[{"embeddable":true,"href":"https:\/\/culturaaduanera.com\/tienda\/wp-json\/wp\/v2\/media\/2753"}],"wp:attachment":[{"href":"https:\/\/culturaaduanera.com\/tienda\/wp-json\/wp\/v2\/media?parent=2752"}],"wp:term":[{"taxonomy":"product_brand","embeddable":true,"href":"https:\/\/culturaaduanera.com\/tienda\/wp-json\/wp\/v2\/product_brand?post=2752"},{"taxonomy":"product_cat","embeddable":true,"href":"https:\/\/culturaaduanera.com\/tienda\/wp-json\/wp\/v2\/product_cat?post=2752"},{"taxonomy":"product_tag","embeddable":true,"href":"https:\/\/culturaaduanera.com\/tienda\/wp-json\/wp\/v2\/product_tag?post=2752"}],"curies":[{"name":"wp","href":"https:\/\/api.w.org\/{rel}","templated":true}]}}