{"id":2614,"date":"2024-09-06T13:58:35","date_gmt":"2024-09-06T18:58:35","guid":{"rendered":"https:\/\/culturaaduanera.com\/tienda\/?post_type=product&#038;p=2614"},"modified":"2026-01-28T10:34:08","modified_gmt":"2026-01-28T16:34:08","slug":"compendio-de-clasificacion-arancelaria-de-quimicos","status":"publish","type":"product","link":"https:\/\/culturaaduanera.com\/tienda\/producto\/compendio-de-clasificacion-arancelaria-de-quimicos\/","title":{"rendered":"Compendio de Clasificaci\u00f3n Arancelaria de Qu\u00edmicos"},"content":{"rendered":"<p>Caracter\u00edsticas:<\/p>\n<p>Agrupa en un listado, el nombre del producto qu\u00edmico en idioma ingl\u00e9s con su Designaci\u00f3n Comercial Internacional de la Organizaci\u00f3n Mundial de la Salud (DCI).<\/p>\n<p>Correlaciones con la subpartida arancelaria correspondiente.<\/p>\n<p>Correlaciones con su n\u00famero de CAS (Chemical Abstracts Service) de la Sociedad Qu\u00edmica Estadounidense.<\/p>\n<p>Contiene m\u00e1s de 6,000 correlaciones, en su mayor\u00eda de productos qu\u00edmicos org\u00e1nicos, pero tambi\u00e9n incluye correlaciones de productos qu\u00edmicos inorg\u00e1nicos, farmac\u00e9uticos, abonos, extractos, peptonas, enzimas, desinfectantes, pol\u00edmeros, poliamidas, resinas, siliconas, celulosa, entre otros.<\/p>\n","protected":false},"excerpt":{"rendered":"<p>Caracter\u00edsticas: Agrupa en un listado, el nombre del producto qu\u00edmico en idioma ingl\u00e9s con su Designaci\u00f3n Comercial Internacional de la Organizaci\u00f3n Mundial de la Salud (DCI). Correlaciones con la subpartida arancelaria correspondiente. Correlaciones con su n\u00famero de CAS (Chemical Abstracts Service) de la Sociedad Qu\u00edmica Estadounidense. Contiene m\u00e1s de 6,000 correlaciones, en su mayor\u00eda de productos qu\u00edmicos org\u00e1nicos, pero tambi\u00e9n incluye correlaciones de productos qu\u00edmicos inorg\u00e1nicos, farmac\u00e9uticos, abonos, extractos, peptonas, enzimas, desinfectantes, pol\u00edmeros, poliamidas, resinas, siliconas, celulosa, entre otros.<\/p>\n","protected":false},"featured_media":2615,"comment_status":"open","ping_status":"closed","template":"","meta":[],"product_brand":[],"product_cat":[104,297,102,296],"product_tag":[242,244,243],"class_list":{"0":"post-2614","1":"product","2":"type-product","3":"status-publish","4":"has-post-thumbnail","6":"product_cat-clasificacion-y-legislacion-arancelaria","7":"product_cat-descuentos-ml","8":"product_cat-libros","9":"product_cat-mes-del-libro","10":"product_tag-aranceles-de-quimicos","11":"product_tag-clasificacion-de-quimicos","12":"product_tag-quimicos","14":"first","15":"instock","16":"shipping-taxable","17":"purchasable","18":"product-type-simple"},"_links":{"self":[{"href":"https:\/\/culturaaduanera.com\/tienda\/wp-json\/wp\/v2\/product\/2614","targetHints":{"allow":["GET"]}}],"collection":[{"href":"https:\/\/culturaaduanera.com\/tienda\/wp-json\/wp\/v2\/product"}],"about":[{"href":"https:\/\/culturaaduanera.com\/tienda\/wp-json\/wp\/v2\/types\/product"}],"replies":[{"embeddable":true,"href":"https:\/\/culturaaduanera.com\/tienda\/wp-json\/wp\/v2\/comments?post=2614"}],"wp:featuredmedia":[{"embeddable":true,"href":"https:\/\/culturaaduanera.com\/tienda\/wp-json\/wp\/v2\/media\/2615"}],"wp:attachment":[{"href":"https:\/\/culturaaduanera.com\/tienda\/wp-json\/wp\/v2\/media?parent=2614"}],"wp:term":[{"taxonomy":"product_brand","embeddable":true,"href":"https:\/\/culturaaduanera.com\/tienda\/wp-json\/wp\/v2\/product_brand?post=2614"},{"taxonomy":"product_cat","embeddable":true,"href":"https:\/\/culturaaduanera.com\/tienda\/wp-json\/wp\/v2\/product_cat?post=2614"},{"taxonomy":"product_tag","embeddable":true,"href":"https:\/\/culturaaduanera.com\/tienda\/wp-json\/wp\/v2\/product_tag?post=2614"}],"curies":[{"name":"wp","href":"https:\/\/api.w.org\/{rel}","templated":true}]}}