{"id":2515,"date":"2024-05-31T13:44:22","date_gmt":"2024-05-31T18:44:22","guid":{"rendered":"https:\/\/culturaaduanera.com\/tienda\/?post_type=product&#038;p=2515"},"modified":"2025-09-11T14:22:36","modified_gmt":"2025-09-11T19:22:36","slug":"combo-compendio-notas-explicativas","status":"publish","type":"product","link":"https:\/\/culturaaduanera.com\/tienda\/producto\/combo-compendio-notas-explicativas\/","title":{"rendered":"Combo &#8211; Compendio de Criterios de Clasificaci\u00f3n Arancelaria + Notas Explicativas de la Tarifa Arancelaria"},"content":{"rendered":"<p>Contenido del Compendio de Criterios de Clasificaci\u00f3n Arancelaria:<\/p>\n<p>&nbsp;<\/p>\n<p>El Compendio de Criterios de Clasificaci\u00f3n Arancelaria reagrupa la lista de opiniones de clasificaci\u00f3n tomadas por el Comit\u00e9 del Sistema Armonizado (SA) de la Organizaci\u00f3n Mundial de Aduanas (OMA); dichos criterios de clasificaci\u00f3n est\u00e1n presentes a nivel de subpartida (6 d\u00edgitos) en la Nomenclatura y abordan la clasificaci\u00f3n de productos. Los Dict\u00e1menes de Clasificaci\u00f3n tienen como objetivo facilitar la interpretaci\u00f3n de la Nomenclatura del SA y sus Notas Explicativas. Durante los \u00faltimos 35 a\u00f1os, el Sistema Armonizado se ha convertido en un lenguaje aduanero universal<br \/>\npara clasificar mercanc\u00edas y es la base de todos los aranceles nacionales en todo el mundo. El Comit\u00e9 del SA se re\u00fane para tomar decisiones de clasificaci\u00f3n de productos espec\u00edficos, h\u00edbridos y\/o t\u00e9cnicos que requieren una mayor aclaraci\u00f3n para su clasificaci\u00f3n y se proporciona en los Dict\u00e1menes. Estos criterios son adoptados internacionalmente por los miembros de la OMA y tienen el mismo estatus que las Notas Explicativas, pero se refieren a productos espec\u00edficos. La presente obra contiene m\u00e1s de 1150 criterios de clasificaci\u00f3n arancelaria. El objetivo de la emisi\u00f3n de los criterios de clasificaci\u00f3n arancelaria es el evitar que se tengan diferentes fracciones para un mismo producto que es importado por m\u00e1s de una aduana del pa\u00eds y de los dem\u00e1s pa\u00edses miembros de la OMA.<\/p>\n<p>&nbsp;<\/p>\n<p>&nbsp;<\/p>\n<p>&nbsp;<\/p>\n<p>Contenido de las Notas Explicativas:<\/p>\n<p>&nbsp;<\/p>\n<p>Autor: Jes\u00fas Bernardo Guti\u00e9rrez Delgado<br \/>\nAltura: 22.5 cm<br \/>\nAncho: 16.5 cm<br \/>\nCantidad de p\u00e1ginas: 1632 (Distribuidas en dos tomos)<br \/>\nPapel: Book cream<br \/>\nPeso del producto: 1740 gr (Distribuido en dos tomos)<\/p>\n<p>Sinopsis:<\/p>\n<p>Las Notas Explicativas del Sistema Armonizado 2022-2027 son textos interpretativos elaborados por el Comit\u00e9 del Sistema Armonizado. Proporcionan descripciones t\u00e9cnicas de las mercanc\u00edas e indicaciones pr\u00e1cticas para la clasificaci\u00f3n e identificaci\u00f3n de los productos.<\/p>\n<p>Constituyen la interpretaci\u00f3n oficial de la Nomenclatura del Sistema Armonizado a nivel internacional y sirven de referencia en el comercio mundial actual. Es un complemento indispensable del Sistema Armonizado y un gran recurso para importadores, agentes de aduanas y profesionales del derecho comercial.<\/p>\n<p>En esta edici\u00f3n 2022-2027 del Sistema Armonizado, se han creado nuevas Notas Explicativas para incluir productos reci\u00e9n integrados como insectos comestibles, drones y desechos electr\u00f3nicos. El texto abarca las Reglas Generales de Interpretaci\u00f3n, las Notas de Secci\u00f3n y los Cap\u00edtulos y T\u00edtulos.<\/p>\n<p>&nbsp;<\/p>\n<p>&nbsp;<\/p>\n","protected":false},"excerpt":{"rendered":"<p>Contenido del Compendio de Criterios de Clasificaci\u00f3n Arancelaria: &nbsp; El Compendio de Criterios de Clasificaci\u00f3n Arancelaria reagrupa la lista de opiniones de clasificaci\u00f3n tomadas por el Comit\u00e9 del Sistema Armonizado (SA) de la Organizaci\u00f3n Mundial de Aduanas (OMA); dichos criterios de clasificaci\u00f3n est\u00e1n presentes a nivel de subpartida (6 d\u00edgitos) en la Nomenclatura y abordan la clasificaci\u00f3n de productos. Los Dict\u00e1menes de Clasificaci\u00f3n tienen como objetivo facilitar la interpretaci\u00f3n de la Nomenclatura del SA y sus Notas Explicativas. Durante los \u00faltimos 35 a\u00f1os, el Sistema Armonizado se ha convertido en un lenguaje aduanero universal para clasificar mercanc\u00edas y es la base de todos los aranceles nacionales en todo el mundo. El Comit\u00e9 del SA se re\u00fane para tomar decisiones de clasificaci\u00f3n de productos espec\u00edficos, h\u00edbridos y\/o t\u00e9cnicos que requieren una mayor aclaraci\u00f3n para su clasificaci\u00f3n y se proporciona en los Dict\u00e1menes. Estos criterios son adoptados internacionalmente por los miembros de la OMA y tienen el mismo estatus que las Notas Explicativas, pero se refieren a productos espec\u00edficos. La presente obra contiene m\u00e1s de 1150 criterios de clasificaci\u00f3n arancelaria. El objetivo de la emisi\u00f3n de los criterios de clasificaci\u00f3n arancelaria es el evitar que se tengan diferentes fracciones para un mismo producto que es importado por m\u00e1s de una aduana del pa\u00eds y de los dem\u00e1s pa\u00edses miembros de la OMA. &nbsp; &nbsp; &nbsp; Contenido de las Notas Explicativas: &nbsp; Autor: Jes\u00fas Bernardo Guti\u00e9rrez Delgado Altura: 22.5 cm Ancho: 16.5 cm Cantidad de p\u00e1ginas: 1632 (Distribuidas en dos tomos) Papel: Book cream Peso del producto: 1740 gr (Distribuido en dos tomos) Sinopsis: Las Notas Explicativas del Sistema Armonizado 2022-2027 son textos interpretativos elaborados por el Comit\u00e9 del Sistema Armonizado. Proporcionan descripciones t\u00e9cnicas de las mercanc\u00edas e indicaciones pr\u00e1cticas para la clasificaci\u00f3n e identificaci\u00f3n de los productos. Constituyen la interpretaci\u00f3n oficial de la Nomenclatura del Sistema Armonizado a nivel internacional y sirven de referencia en el comercio mundial actual. Es un complemento indispensable del Sistema Armonizado y un gran recurso para importadores, agentes de aduanas y profesionales del derecho comercial. En esta edici\u00f3n 2022-2027 del Sistema Armonizado, se han creado nuevas Notas Explicativas para incluir productos reci\u00e9n integrados como insectos comestibles, drones y desechos electr\u00f3nicos. El texto abarca las Reglas Generales de Interpretaci\u00f3n, las Notas de Secci\u00f3n y los Cap\u00edtulos y T\u00edtulos. &nbsp; &nbsp;<\/p>\n","protected":false},"featured_media":2516,"comment_status":"open","ping_status":"closed","template":"","meta":[],"product_brand":[],"product_cat":[204],"product_tag":[215,214],"class_list":{"0":"post-2515","1":"product","2":"type-product","3":"status-publish","4":"has-post-thumbnail","6":"product_cat-combos-y-paquetes","7":"product_tag-criterios-de-comercio-exterior","8":"product_tag-notas-explicativas-de-la-tarifa-arancelaria","10":"first","11":"instock","12":"shipping-taxable","13":"purchasable","14":"product-type-simple"},"_links":{"self":[{"href":"https:\/\/culturaaduanera.com\/tienda\/wp-json\/wp\/v2\/product\/2515","targetHints":{"allow":["GET"]}}],"collection":[{"href":"https:\/\/culturaaduanera.com\/tienda\/wp-json\/wp\/v2\/product"}],"about":[{"href":"https:\/\/culturaaduanera.com\/tienda\/wp-json\/wp\/v2\/types\/product"}],"replies":[{"embeddable":true,"href":"https:\/\/culturaaduanera.com\/tienda\/wp-json\/wp\/v2\/comments?post=2515"}],"wp:featuredmedia":[{"embeddable":true,"href":"https:\/\/culturaaduanera.com\/tienda\/wp-json\/wp\/v2\/media\/2516"}],"wp:attachment":[{"href":"https:\/\/culturaaduanera.com\/tienda\/wp-json\/wp\/v2\/media?parent=2515"}],"wp:term":[{"taxonomy":"product_brand","embeddable":true,"href":"https:\/\/culturaaduanera.com\/tienda\/wp-json\/wp\/v2\/product_brand?post=2515"},{"taxonomy":"product_cat","embeddable":true,"href":"https:\/\/culturaaduanera.com\/tienda\/wp-json\/wp\/v2\/product_cat?post=2515"},{"taxonomy":"product_tag","embeddable":true,"href":"https:\/\/culturaaduanera.com\/tienda\/wp-json\/wp\/v2\/product_tag?post=2515"}],"curies":[{"name":"wp","href":"https:\/\/api.w.org\/{rel}","templated":true}]}}