{"id":2499,"date":"2024-05-23T13:27:32","date_gmt":"2024-05-23T18:27:32","guid":{"rendered":"https:\/\/culturaaduanera.com\/tienda\/?post_type=product&#038;p=2499"},"modified":"2026-03-11T12:46:23","modified_gmt":"2026-03-11T18:46:23","slug":"derecho-penal-pg-2a-edicion","status":"publish","type":"product","link":"https:\/\/culturaaduanera.com\/tienda\/producto\/derecho-penal-pg-2a-edicion\/","title":{"rendered":"Derecho Penal, Parte General 2a. Edici\u00f3n"},"content":{"rendered":"<p>Pensar en el Derecho Penal implica ponderar los valores esenciales para toda sociedad y la exigencia de proteger a sus miembros contra cualquier conducta que pretenda vulnerarlos. Esta rama del Derecho es de observancia obligada en las sociedades humanas, puesto que se encarga de vigilar las conductas de los miembros del conglomerado para garantizar la paz social. Adem\u00e1s, cuenta con los elementos adecuados para sancionar a los transgresores de la ley cuando la amenaza de la pena no ha sido suficiente para que act\u00faen con temperancia.<\/p>\n<p>&nbsp;<\/p>\n<p>Para evitar los abusos que anta\u00f1o imperaron en el campo punitivo, debe hacerse una enumeraci\u00f3n exacta de las conductas consideradas como delictivas y, por lo tanto, nocivas para la sociedad, adem\u00e1s de las penas que a cada una les corresponda. El Derecho Penal se erige entonces como un \u00faltimo recurso para la preservaci\u00f3n del orden social a disposici\u00f3n de los \u00f3rganos que ejercitan el poder p\u00fablico. El uso de las leyes penales se justifica en funci\u00f3n del papel protag\u00f3nico de estos fines.<\/p>\n<p>&nbsp;<\/p>\n<p>El presente libro realiza un an\u00e1lisis profundo de varios aspectos torales del Derecho Penal \u2014entre ellos la historia a partir de la evoluci\u00f3n de las ideas penales\u2014 para posteriormente abordar su concepto y caracter\u00edsticas claves.<\/p>\n<p>Asimismo, se estudian las principales escuelas penales y se ofrece una panor\u00e1mica de la parte general del Derecho Penal para culminar en una obligada revisi\u00f3n de la Teor\u00eda del Delito como parte insoslayable de tan importante rama jur\u00eddica.<\/p>\n","protected":false},"excerpt":{"rendered":"<p>Pensar en el Derecho Penal implica ponderar los valores esenciales para toda sociedad y la exigencia de proteger a sus miembros contra cualquier conducta que pretenda vulnerarlos. Esta rama del Derecho es de observancia obligada en las sociedades humanas, puesto que se encarga de vigilar las conductas de los miembros del conglomerado para garantizar la paz social. Adem\u00e1s, cuenta con los elementos adecuados para sancionar a los transgresores de la ley cuando la amenaza de la pena no ha sido suficiente para que act\u00faen con temperancia. &nbsp; Para evitar los abusos que anta\u00f1o imperaron en el campo punitivo, debe hacerse una enumeraci\u00f3n exacta de las conductas consideradas como delictivas y, por lo tanto, nocivas para la sociedad, adem\u00e1s de las penas que a cada una les corresponda. El Derecho Penal se erige entonces como un \u00faltimo recurso para la preservaci\u00f3n del orden social a disposici\u00f3n de los \u00f3rganos que ejercitan el poder p\u00fablico. El uso de las leyes penales se justifica en funci\u00f3n del papel protag\u00f3nico de estos fines. &nbsp; El presente libro realiza un an\u00e1lisis profundo de varios aspectos torales del Derecho Penal \u2014entre ellos la historia a partir de la evoluci\u00f3n de las ideas penales\u2014 para posteriormente abordar su concepto y caracter\u00edsticas claves. Asimismo, se estudian las principales escuelas penales y se ofrece una panor\u00e1mica de la parte general del Derecho Penal para culminar en una obligada revisi\u00f3n de la Teor\u00eda del Delito como parte insoslayable de tan importante rama jur\u00eddica.<\/p>\n","protected":false},"featured_media":2500,"comment_status":"open","ping_status":"closed","template":"","meta":[],"product_brand":[],"product_cat":[107,102],"product_tag":[150],"class_list":{"0":"post-2499","1":"product","2":"type-product","3":"status-publish","4":"has-post-thumbnail","6":"product_cat-juridicos","7":"product_cat-libros","8":"product_tag-derecho-penal","10":"first","11":"instock","12":"shipping-taxable","13":"purchasable","14":"product-type-simple"},"_links":{"self":[{"href":"https:\/\/culturaaduanera.com\/tienda\/wp-json\/wp\/v2\/product\/2499","targetHints":{"allow":["GET"]}}],"collection":[{"href":"https:\/\/culturaaduanera.com\/tienda\/wp-json\/wp\/v2\/product"}],"about":[{"href":"https:\/\/culturaaduanera.com\/tienda\/wp-json\/wp\/v2\/types\/product"}],"replies":[{"embeddable":true,"href":"https:\/\/culturaaduanera.com\/tienda\/wp-json\/wp\/v2\/comments?post=2499"}],"wp:featuredmedia":[{"embeddable":true,"href":"https:\/\/culturaaduanera.com\/tienda\/wp-json\/wp\/v2\/media\/2500"}],"wp:attachment":[{"href":"https:\/\/culturaaduanera.com\/tienda\/wp-json\/wp\/v2\/media?parent=2499"}],"wp:term":[{"taxonomy":"product_brand","embeddable":true,"href":"https:\/\/culturaaduanera.com\/tienda\/wp-json\/wp\/v2\/product_brand?post=2499"},{"taxonomy":"product_cat","embeddable":true,"href":"https:\/\/culturaaduanera.com\/tienda\/wp-json\/wp\/v2\/product_cat?post=2499"},{"taxonomy":"product_tag","embeddable":true,"href":"https:\/\/culturaaduanera.com\/tienda\/wp-json\/wp\/v2\/product_tag?post=2499"}],"curies":[{"name":"wp","href":"https:\/\/api.w.org\/{rel}","templated":true}]}}