{"id":2455,"date":"2024-05-07T12:07:59","date_gmt":"2024-05-07T17:07:59","guid":{"rendered":"https:\/\/culturaaduanera.com\/tienda\/?post_type=product&#038;p=2455"},"modified":"2026-02-18T13:41:36","modified_gmt":"2026-02-18T19:41:36","slug":"compendio-criterios-clasificacion-arancelaria","status":"publish","type":"product","link":"https:\/\/culturaaduanera.com\/tienda\/producto\/compendio-criterios-clasificacion-arancelaria\/","title":{"rendered":"Compendio de Criterios de Clasificaci\u00f3n Arancelaria &#8211; OMA"},"content":{"rendered":"<p>El Compendio de Criterios de Clasificaci\u00f3n Arancelaria reagrupa la lista de opiniones de clasificaci\u00f3n tomadas por el Comit\u00e9 del Sistema Armonizado (SA) de la Organizaci\u00f3n Mundial de Aduanas (OMA); dichos criterios de clasificaci\u00f3n est\u00e1n presentes a nivel de subpartida (6 d\u00edgitos) en la Nomenclatura y abordan la clasificaci\u00f3n de productos. Los Dict\u00e1menes de Clasificaci\u00f3n tienen como objetivo facilitar la interpretaci\u00f3n de la Nomenclatura del SA y sus Notas Explicativas. Durante los \u00faltimos 35 a\u00f1os, el Sistema Armonizado se ha convertido en un lenguaje aduanero universal<br \/>\npara clasificar mercanc\u00edas y es la base de todos los aranceles nacionales en todo el mundo. El Comit\u00e9 del SA se re\u00fane para tomar decisiones de clasificaci\u00f3n de productos espec\u00edficos, h\u00edbridos y\/o t\u00e9cnicos que requieren una mayor aclaraci\u00f3n para su clasificaci\u00f3n y se proporciona en los Dict\u00e1menes. Estos criterios son adoptados internacionalmente por los miembros de la OMA y tienen el mismo estatus que las Notas Explicativas, pero se refieren a productos espec\u00edficos. La presente obra contiene m\u00e1s de 1150 criterios de clasificaci\u00f3n arancelaria. El objetivo de la emisi\u00f3n de los criterios de clasificaci\u00f3n arancelaria es el evitar que se tengan diferentes fracciones para un mismo producto que es importado por m\u00e1s de una aduana del pa\u00eds y de los dem\u00e1s pa\u00edses miembros de la OMA.<\/p>\n","protected":false},"excerpt":{"rendered":"<p><a href=\"https:\/\/flipbookpdf.net\/web\/site\/9813a953c0ce600c97a6ce77556eec71f429685c202406.pdf-8373692e6df6c53f7f6573f8f119d7a4ff68ee4a.html\">https:\/\/flipbookpdf.net\/web\/site\/9813a953c0ce600c97a6ce77556eec71f429685c202406.pdf-8373692e6df6c53f7f6573f8f119d7a4ff68ee4a.html<\/a><\/p>\n","protected":false},"featured_media":2421,"comment_status":"open","ping_status":"closed","template":"","meta":[],"product_brand":[],"product_cat":[103,297,102,296],"product_tag":[206,200,205],"class_list":{"0":"post-2455","1":"product","2":"type-product","3":"status-publish","4":"has-post-thumbnail","6":"product_cat-comercio-exterior-libros","7":"product_cat-descuentos-ml","8":"product_cat-libros","9":"product_cat-mes-del-libro","10":"product_tag-aranceles","11":"product_tag-clasificacion-arancelaria","12":"product_tag-criterios-de-clasificacion-arancelaria","14":"first","15":"instock","16":"shipping-taxable","17":"purchasable","18":"product-type-simple"},"_links":{"self":[{"href":"https:\/\/culturaaduanera.com\/tienda\/wp-json\/wp\/v2\/product\/2455","targetHints":{"allow":["GET"]}}],"collection":[{"href":"https:\/\/culturaaduanera.com\/tienda\/wp-json\/wp\/v2\/product"}],"about":[{"href":"https:\/\/culturaaduanera.com\/tienda\/wp-json\/wp\/v2\/types\/product"}],"replies":[{"embeddable":true,"href":"https:\/\/culturaaduanera.com\/tienda\/wp-json\/wp\/v2\/comments?post=2455"}],"wp:featuredmedia":[{"embeddable":true,"href":"https:\/\/culturaaduanera.com\/tienda\/wp-json\/wp\/v2\/media\/2421"}],"wp:attachment":[{"href":"https:\/\/culturaaduanera.com\/tienda\/wp-json\/wp\/v2\/media?parent=2455"}],"wp:term":[{"taxonomy":"product_brand","embeddable":true,"href":"https:\/\/culturaaduanera.com\/tienda\/wp-json\/wp\/v2\/product_brand?post=2455"},{"taxonomy":"product_cat","embeddable":true,"href":"https:\/\/culturaaduanera.com\/tienda\/wp-json\/wp\/v2\/product_cat?post=2455"},{"taxonomy":"product_tag","embeddable":true,"href":"https:\/\/culturaaduanera.com\/tienda\/wp-json\/wp\/v2\/product_tag?post=2455"}],"curies":[{"name":"wp","href":"https:\/\/api.w.org\/{rel}","templated":true}]}}