{"id":2377,"date":"2024-04-22T17:30:47","date_gmt":"2024-04-22T22:30:47","guid":{"rendered":"https:\/\/culturaaduanera.com\/tienda\/?post_type=product&#038;p=2377"},"modified":"2026-01-06T10:39:48","modified_gmt":"2026-01-06T16:39:48","slug":"derecho-aduanero-internacional","status":"publish","type":"product","link":"https:\/\/culturaaduanera.com\/tienda\/producto\/derecho-aduanero-internacional\/","title":{"rendered":"Derecho Aduanero Internacional"},"content":{"rendered":"<p>El presente texto denominado como Derecho Aduanero Internacional se trata de una materia relevante en el contexto aduanero en general si se considera que las normas, reglas y principios aplicables a la materia aduanera internacional han estado en continuo crecimiento, por lo que, en efecto, se estima que la presente asignatura constituye un \u00e1rea b\u00e1sica de conocimiento para todas aquellas personas interesadas en profundizar en nociones acerca de lo que implica y significa el mundo aduanero contempor\u00e1neo. La importancia de las normas aduaneras internacionales resulta ser b\u00e1sica para una correcta y adecuada comprensi\u00f3n de los conceptos, figuras, procedimientos y medios de defensa en el \u00e1mbito aduanero. En ese contexto se advierte que el peso de la materia aduanera internacional se ve reflejado en que la mayor\u00eda de los sistemas aduaneros predominantes en el mundo han sustentado, en mayor o menor grado, su engranaje legal y administrativo en las normas legales internacionales, de ah\u00ed la importancia del presente estudio ya que, a trav\u00e9s del mismo, se realiza un viaje por diversos aspectos trascendentales del mundo aduanero contempor\u00e1neo actual y se examina consecuentemente su repercusi\u00f3n dentro del sistema aduanero nacional.<\/p>\n","protected":false},"excerpt":{"rendered":"<p>El presente texto denominado como Derecho Aduanero Internacional se trata de una materia relevante en el contexto aduanero en general si se considera que las normas, reglas y principios aplicables a la materia aduanera internacional han estado en continuo crecimiento, por lo que, en efecto, se estima que la presente asignatura constituye un \u00e1rea b\u00e1sica de conocimiento para todas aquellas personas interesadas en profundizar en nociones acerca de lo que implica y significa el mundo aduanero contempor\u00e1neo. La importancia de las normas aduaneras internacionales resulta ser b\u00e1sica para una correcta y adecuada comprensi\u00f3n de los conceptos, figuras, procedimientos y medios de defensa en el \u00e1mbito aduanero. En ese contexto se advierte que el peso de la materia aduanera internacional se ve reflejado en que la mayor\u00eda de los sistemas aduaneros predominantes en el mundo han sustentado, en mayor o menor grado, su engranaje legal y administrativo en las normas legales internacionales, de ah\u00ed la importancia del presente estudio ya que, a trav\u00e9s del mismo, se realiza un viaje por diversos aspectos trascendentales del mundo aduanero contempor\u00e1neo actual y se examina consecuentemente su repercusi\u00f3n dentro del sistema aduanero nacional.<\/p>\n","protected":false},"featured_media":2378,"comment_status":"open","ping_status":"closed","template":"","meta":[],"product_brand":[],"product_cat":[103,297,102,296],"product_tag":[187,185,176,186],"class_list":{"0":"post-2377","1":"product","2":"type-product","3":"status-publish","4":"has-post-thumbnail","6":"product_cat-comercio-exterior-libros","7":"product_cat-descuentos-ml","8":"product_cat-libros","9":"product_cat-mes-del-libro","10":"product_tag-derecho-aduanero","11":"product_tag-derecho-aduanero-inernacional","12":"product_tag-editorial-cultura-aduanera","13":"product_tag-libros-eca","15":"first","16":"instock","17":"shipping-taxable","18":"purchasable","19":"product-type-simple"},"_links":{"self":[{"href":"https:\/\/culturaaduanera.com\/tienda\/wp-json\/wp\/v2\/product\/2377","targetHints":{"allow":["GET"]}}],"collection":[{"href":"https:\/\/culturaaduanera.com\/tienda\/wp-json\/wp\/v2\/product"}],"about":[{"href":"https:\/\/culturaaduanera.com\/tienda\/wp-json\/wp\/v2\/types\/product"}],"replies":[{"embeddable":true,"href":"https:\/\/culturaaduanera.com\/tienda\/wp-json\/wp\/v2\/comments?post=2377"}],"wp:featuredmedia":[{"embeddable":true,"href":"https:\/\/culturaaduanera.com\/tienda\/wp-json\/wp\/v2\/media\/2378"}],"wp:attachment":[{"href":"https:\/\/culturaaduanera.com\/tienda\/wp-json\/wp\/v2\/media?parent=2377"}],"wp:term":[{"taxonomy":"product_brand","embeddable":true,"href":"https:\/\/culturaaduanera.com\/tienda\/wp-json\/wp\/v2\/product_brand?post=2377"},{"taxonomy":"product_cat","embeddable":true,"href":"https:\/\/culturaaduanera.com\/tienda\/wp-json\/wp\/v2\/product_cat?post=2377"},{"taxonomy":"product_tag","embeddable":true,"href":"https:\/\/culturaaduanera.com\/tienda\/wp-json\/wp\/v2\/product_tag?post=2377"}],"curies":[{"name":"wp","href":"https:\/\/api.w.org\/{rel}","templated":true}]}}