{"id":2352,"date":"2024-04-08T14:59:20","date_gmt":"2024-04-08T19:59:20","guid":{"rendered":"https:\/\/culturaaduanera.com\/tienda\/?post_type=product&#038;p=2352"},"modified":"2026-03-03T13:33:16","modified_gmt":"2026-03-03T19:33:16","slug":"notas-explicativas-de-la-tarifa-arancelaria-tomo-i-y-tomo-ii","status":"publish","type":"product","link":"https:\/\/culturaaduanera.com\/tienda\/producto\/notas-explicativas-de-la-tarifa-arancelaria-tomo-i-y-tomo-ii\/","title":{"rendered":"Notas Explicativas de la Tarifa Arancelaria Tomo I y Tomo II"},"content":{"rendered":"<p>Autor: Jes\u00fas Bernardo Guti\u00e9rrez Delgado<br \/>\nAltura: 22.5 cm<br \/>\nAncho: 16.5 cm<br \/>\nCantidad de p\u00e1ginas: 1632 (Distribuidas en dos tomos)<br \/>\nPapel: Book cream<br \/>\nPeso del producto: 1740 gr (Distribuido en dos tomos)<\/p>\n<p>Sinopsis:<\/p>\n<p>Las Notas Explicativas del Sistema Armonizado 2022-2027 son textos interpretativos elaborados por el Comit\u00e9 del Sistema Armonizado. Proporcionan descripciones t\u00e9cnicas de las mercanc\u00edas e indicaciones pr\u00e1cticas para la clasificaci\u00f3n e identificaci\u00f3n de los productos.<\/p>\n<p>Constituyen la interpretaci\u00f3n oficial de la Nomenclatura del Sistema Armonizado a nivel internacional y sirven de referencia en el comercio mundial actual. Es un complemento indispensable del Sistema Armonizado y un gran recurso para importadores, agentes de aduanas y profesionales del derecho comercial.<\/p>\n<p>En esta edici\u00f3n 2022-2027 del Sistema Armonizado, se han creado nuevas Notas Explicativas para incluir productos reci\u00e9n integrados como insectos comestibles, drones y desechos electr\u00f3nicos. El texto abarca las Reglas Generales de Interpretaci\u00f3n, las Notas de Secci\u00f3n y los Cap\u00edtulos y T\u00edtulos.<\/p>\n","protected":false},"excerpt":{"rendered":"<p>Autor: Jes\u00fas Bernardo Guti\u00e9rrez Delgado Altura: 22.5 cm Ancho: 16.5 cm Cantidad de p\u00e1ginas: 1632 (Distribuidas en dos tomos) Papel: Book cream Peso del producto: 1740 gr (Distribuido en dos tomos) Sinopsis: Las Notas Explicativas del Sistema Armonizado 2022-2027 son textos interpretativos elaborados por el Comit\u00e9 del Sistema Armonizado. Proporcionan descripciones t\u00e9cnicas de las mercanc\u00edas e indicaciones pr\u00e1cticas para la clasificaci\u00f3n e identificaci\u00f3n de los productos. Constituyen la interpretaci\u00f3n oficial de la Nomenclatura del Sistema Armonizado a nivel internacional y sirven de referencia en el comercio mundial actual. Es un complemento indispensable del Sistema Armonizado y un gran recurso para importadores, agentes de aduanas y profesionales del derecho comercial. En esta edici\u00f3n 2022-2027 del Sistema Armonizado, se han creado nuevas Notas Explicativas para incluir productos reci\u00e9n integrados como insectos comestibles, drones y desechos electr\u00f3nicos. El texto abarca las Reglas Generales de Interpretaci\u00f3n, las Notas de Secci\u00f3n y los Cap\u00edtulos y T\u00edtulos.<\/p>\n","protected":false},"featured_media":2353,"comment_status":"open","ping_status":"closed","template":"","meta":[],"product_brand":[],"product_cat":[95,297,94,296],"product_tag":[133,172,173,174,135],"class_list":{"0":"post-2352","1":"product","2":"type-product","3":"status-publish","4":"has-post-thumbnail","6":"product_cat-comercio-exterior","7":"product_cat-descuentos-ml","8":"product_cat-leyes","9":"product_cat-mes-del-libro","10":"product_tag-leyes-de-comercio","11":"product_tag-notas-explicativas","12":"product_tag-notas-explicativas-lic-jesus","13":"product_tag-oma","14":"product_tag-tarifa-arancelaria","15":"product_shipping_class-sin-cobro-de-gtos","17":"first","18":"instock","19":"shipping-taxable","20":"purchasable","21":"product-type-simple"},"_links":{"self":[{"href":"https:\/\/culturaaduanera.com\/tienda\/wp-json\/wp\/v2\/product\/2352","targetHints":{"allow":["GET"]}}],"collection":[{"href":"https:\/\/culturaaduanera.com\/tienda\/wp-json\/wp\/v2\/product"}],"about":[{"href":"https:\/\/culturaaduanera.com\/tienda\/wp-json\/wp\/v2\/types\/product"}],"replies":[{"embeddable":true,"href":"https:\/\/culturaaduanera.com\/tienda\/wp-json\/wp\/v2\/comments?post=2352"}],"wp:featuredmedia":[{"embeddable":true,"href":"https:\/\/culturaaduanera.com\/tienda\/wp-json\/wp\/v2\/media\/2353"}],"wp:attachment":[{"href":"https:\/\/culturaaduanera.com\/tienda\/wp-json\/wp\/v2\/media?parent=2352"}],"wp:term":[{"taxonomy":"product_brand","embeddable":true,"href":"https:\/\/culturaaduanera.com\/tienda\/wp-json\/wp\/v2\/product_brand?post=2352"},{"taxonomy":"product_cat","embeddable":true,"href":"https:\/\/culturaaduanera.com\/tienda\/wp-json\/wp\/v2\/product_cat?post=2352"},{"taxonomy":"product_tag","embeddable":true,"href":"https:\/\/culturaaduanera.com\/tienda\/wp-json\/wp\/v2\/product_tag?post=2352"}],"curies":[{"name":"wp","href":"https:\/\/api.w.org\/{rel}","templated":true}]}}