{"id":2229,"date":"2024-01-18T14:08:59","date_gmt":"2024-01-18T20:08:59","guid":{"rendered":"https:\/\/libreriagutza.com\/?post_type=product&#038;p=2229"},"modified":"2024-04-12T14:18:02","modified_gmt":"2024-04-12T19:18:02","slug":"las-palabras-pueden-volar","status":"publish","type":"product","link":"https:\/\/culturaaduanera.com\/tienda\/producto\/las-palabras-pueden-volar\/","title":{"rendered":"Las Palabras Pueden Volar"},"content":{"rendered":"<p><strong>DESCRIPCI\u00d3N:<\/strong><\/p>\n<p>En este libro encontrar\u00e1s una serie de aforismos y reflexiones sobre el mundo de las empresas familiares, dividido en tres categor\u00edas: aforismos sobre la empresa familiar, aforismos sobre liderazgo y aforismos de car\u00e1cter personal. Todos ellos constituyen una colecci\u00f3n de pensamientos que el autor ha ido recopilando con el paso del tiempo, ya sea a trav\u00e9s de la lectura de su amplia biblioteca personal, o de los libros que \u00e9l mismo ha publicado a lo largo de una d\u00e9cada.<br \/>\nLos aforismos revelan una verdad esencial, pero no definitiva: son antes que nada veh\u00edculos para nuestra reflexi\u00f3n, para contrastar puntos de vista, para encontrar las certezas que necesitamos en el camino de la vida.<\/p>\n","protected":false},"excerpt":{"rendered":"<p>DESCRIPCI\u00d3N: En este libro encontrar\u00e1s una serie de aforismos y reflexiones sobre el mundo de las empresas familiares, dividido en tres categor\u00edas: aforismos sobre la empresa familiar, aforismos sobre liderazgo y aforismos de car\u00e1cter personal. Todos ellos constituyen una colecci\u00f3n de pensamientos que el autor ha ido recopilando con el paso del tiempo, ya sea a trav\u00e9s de la lectura de su amplia biblioteca personal, o de los libros que \u00e9l mismo ha publicado a lo largo de una d\u00e9cada. Los aforismos revelan una verdad esencial, pero no definitiva: son antes que nada veh\u00edculos para nuestra reflexi\u00f3n, para contrastar puntos de vista, para encontrar las certezas que necesitamos en el camino de la vida.<\/p>\n","protected":false},"featured_media":2230,"comment_status":"open","ping_status":"closed","template":"","meta":[],"product_brand":[],"product_cat":[108,102,15],"product_tag":[169,170,168,171],"class_list":{"0":"post-2229","1":"product","2":"type-product","3":"status-publish","4":"has-post-thumbnail","6":"product_cat-finanzas","7":"product_cat-libros","8":"product_cat-uncategorized","9":"product_tag-administracion-de-empresas","10":"product_tag-empresar-familiares","11":"product_tag-finanzas","12":"product_tag-liderazgo-en-las-empresas","14":"first","15":"instock","16":"shipping-taxable","17":"purchasable","18":"product-type-simple"},"_links":{"self":[{"href":"https:\/\/culturaaduanera.com\/tienda\/wp-json\/wp\/v2\/product\/2229","targetHints":{"allow":["GET"]}}],"collection":[{"href":"https:\/\/culturaaduanera.com\/tienda\/wp-json\/wp\/v2\/product"}],"about":[{"href":"https:\/\/culturaaduanera.com\/tienda\/wp-json\/wp\/v2\/types\/product"}],"replies":[{"embeddable":true,"href":"https:\/\/culturaaduanera.com\/tienda\/wp-json\/wp\/v2\/comments?post=2229"}],"wp:featuredmedia":[{"embeddable":true,"href":"https:\/\/culturaaduanera.com\/tienda\/wp-json\/wp\/v2\/media\/2230"}],"wp:attachment":[{"href":"https:\/\/culturaaduanera.com\/tienda\/wp-json\/wp\/v2\/media?parent=2229"}],"wp:term":[{"taxonomy":"product_brand","embeddable":true,"href":"https:\/\/culturaaduanera.com\/tienda\/wp-json\/wp\/v2\/product_brand?post=2229"},{"taxonomy":"product_cat","embeddable":true,"href":"https:\/\/culturaaduanera.com\/tienda\/wp-json\/wp\/v2\/product_cat?post=2229"},{"taxonomy":"product_tag","embeddable":true,"href":"https:\/\/culturaaduanera.com\/tienda\/wp-json\/wp\/v2\/product_tag?post=2229"}],"curies":[{"name":"wp","href":"https:\/\/api.w.org\/{rel}","templated":true}]}}