{"id":2224,"date":"2024-01-18T13:43:22","date_gmt":"2024-01-18T19:43:22","guid":{"rendered":"https:\/\/libreriagutza.com\/?post_type=product&#038;p=2224"},"modified":"2024-04-12T14:39:39","modified_gmt":"2024-04-12T19:39:39","slug":"mpeeja","status":"publish","type":"product","link":"https:\/\/culturaaduanera.com\/tienda\/producto\/mpeeja\/","title":{"rendered":"Manual para Entender el Juicio de Amparo"},"content":{"rendered":"<p><strong>DESCRIPCI\u00d3N:<\/strong><\/p>\n<p><strong>PREGUNTAS Y RESPUESTAS PR\u00c1CTICAS DEL JUICIO DE AMPARO<\/strong><br \/>\nEl prop\u00f3sito de esta obra es poner a disposici\u00f3n de las personas estudiantes, abogadas, investigadoras, activistas, profesionales y cualquiera interesada en el tema, toda la informaci\u00f3n sobre el juicio de amparo, desde la b\u00e1sica para acreditar el curso de la materia hasta la m\u00e1s especializada para plantear litigios de gran complejidad, mediante preguntas y respuestas apoyadas por el uso de otros recursos did\u00e1cticos como: tablas, listas, im\u00e1genes, diagramas, colores, advertencias y llamadas de atenci\u00f3n.<br \/>\nEsta novena edici\u00f3n incluye la actualizaci\u00f3n de los criterios del M\u00e1ximo Tribunal y de las jurisprudencias sentadas recientemente por los Plenos Regionales, enriquece los materiales que aparecieron en la edici\u00f3n anterior mediante la tecnolog\u00eda de los c\u00f3digos QR con nuevas sentencias, e incluye nuevos apartados.<br \/>\nEl lector encontrar\u00e1 en este Manual toda la informaci\u00f3n necesaria para desenvolverse exitosamente en el juicio de amparo y comprender su funci\u00f3n en el sistema jur\u00eddico nacional.<\/p>\n","protected":false},"excerpt":{"rendered":"<p>DESCRIPCI\u00d3N: PREGUNTAS Y RESPUESTAS PR\u00c1CTICAS DEL JUICIO DE AMPARO El prop\u00f3sito de esta obra es poner a disposici\u00f3n de las personas estudiantes, abogadas, investigadoras, activistas, profesionales y cualquiera interesada en el tema, toda la informaci\u00f3n sobre el juicio de amparo, desde la b\u00e1sica para acreditar el curso de la materia hasta la m\u00e1s especializada para plantear litigios de gran complejidad, mediante preguntas y respuestas apoyadas por el uso de otros recursos did\u00e1cticos como: tablas, listas, im\u00e1genes, diagramas, colores, advertencias y llamadas de atenci\u00f3n. Esta novena edici\u00f3n incluye la actualizaci\u00f3n de los criterios del M\u00e1ximo Tribunal y de las jurisprudencias sentadas recientemente por los Plenos Regionales, enriquece los materiales que aparecieron en la edici\u00f3n anterior mediante la tecnolog\u00eda de los c\u00f3digos QR con nuevas sentencias, e incluye nuevos apartados. El lector encontrar\u00e1 en este Manual toda la informaci\u00f3n necesaria para desenvolverse exitosamente en el juicio de amparo y comprender su funci\u00f3n en el sistema jur\u00eddico nacional.<\/p>\n","protected":false},"featured_media":2225,"comment_status":"open","ping_status":"closed","template":"","meta":[],"product_brand":[],"product_cat":[107,102],"product_tag":[163,166,167,162,165,164,150,161],"class_list":{"0":"post-2224","1":"product","2":"type-product","3":"status-publish","4":"has-post-thumbnail","6":"product_cat-juridicos","7":"product_cat-libros","8":"product_tag-amparo","9":"product_tag-derecho-civil","10":"product_tag-derecho-constitucional","11":"product_tag-derecho-fiscal","12":"product_tag-derecho-laboral","13":"product_tag-derecho-mercantil","14":"product_tag-derecho-penal","15":"product_tag-derechos-humanos","17":"first","18":"instock","19":"shipping-taxable","20":"purchasable","21":"product-type-simple"},"_links":{"self":[{"href":"https:\/\/culturaaduanera.com\/tienda\/wp-json\/wp\/v2\/product\/2224","targetHints":{"allow":["GET"]}}],"collection":[{"href":"https:\/\/culturaaduanera.com\/tienda\/wp-json\/wp\/v2\/product"}],"about":[{"href":"https:\/\/culturaaduanera.com\/tienda\/wp-json\/wp\/v2\/types\/product"}],"replies":[{"embeddable":true,"href":"https:\/\/culturaaduanera.com\/tienda\/wp-json\/wp\/v2\/comments?post=2224"}],"wp:featuredmedia":[{"embeddable":true,"href":"https:\/\/culturaaduanera.com\/tienda\/wp-json\/wp\/v2\/media\/2225"}],"wp:attachment":[{"href":"https:\/\/culturaaduanera.com\/tienda\/wp-json\/wp\/v2\/media?parent=2224"}],"wp:term":[{"taxonomy":"product_brand","embeddable":true,"href":"https:\/\/culturaaduanera.com\/tienda\/wp-json\/wp\/v2\/product_brand?post=2224"},{"taxonomy":"product_cat","embeddable":true,"href":"https:\/\/culturaaduanera.com\/tienda\/wp-json\/wp\/v2\/product_cat?post=2224"},{"taxonomy":"product_tag","embeddable":true,"href":"https:\/\/culturaaduanera.com\/tienda\/wp-json\/wp\/v2\/product_tag?post=2224"}],"curies":[{"name":"wp","href":"https:\/\/api.w.org\/{rel}","templated":true}]}}