{"id":2188,"date":"2024-01-09T12:24:16","date_gmt":"2024-01-09T18:24:16","guid":{"rendered":"https:\/\/libreriagutza.com\/?post_type=product&#038;p=2188"},"modified":"2026-03-25T13:13:41","modified_gmt":"2026-03-25T19:13:41","slug":"manual-para-la-elaboracion-de-tesis","status":"publish","type":"product","link":"https:\/\/culturaaduanera.com\/tienda\/producto\/manual-para-la-elaboracion-de-tesis\/","title":{"rendered":"Manual para la Elaboraci\u00f3n de Tesis"},"content":{"rendered":"<p>La investigaci\u00f3n permite desentra\u00f1ar cuestionamientos, revelar informaci\u00f3n, reflejar pensamientos, ideas y prop\u00f3sitos. La escritura, a trav\u00e9s de medios impresos y electr\u00f3nicos, se mantiene en esta primera mitad de Siglo XXI, como un medio de comunicaci\u00f3n importante entre los seres humanos. La variedad de escritos que una persona elabora a lo largo de su vida, son desde los mensajes de texto, los correos electr\u00f3nicos, los memorandos y oficios, hasta los ensayos, trabajos acad\u00e9micos, art\u00edculos hemerogr\u00e1ficos, tesis profesionales y de grado, as\u00ed como los libros texto y de otra naturaleza. El dominio de la ortograf\u00eda, la sintaxis, la fon\u00e9tica y en general de la gram\u00e1tica, se tornan de vital importancia al momento de escribir y tratar de comunicarnos. As\u00ed, pasamos una parte de nuestra vida, intentando mejorar la forma de transmitir a otros nuestros pensamientos e ideas. A partir de lo anterior, la presente obra busca coadyuvar en la elaboraci\u00f3n de los trabajos acad\u00e9micos y la tesis de grado; pero, sobre todo, en proporcionar elementos a cualquier persona que desee comunicarse asertivamente a trav\u00e9s de los medios escritos. En este sentido, el Manual debe ser consultado una y otra vez, hasta dominar con la maestr\u00eda necesaria, el arte de escribir apropiadamente y comunicarnos correctamente.<\/p>\n","protected":false},"excerpt":{"rendered":"<p>La investigaci\u00f3n permite desentra\u00f1ar cuestionamientos, revelar informaci\u00f3n, reflejar pensamientos, ideas y prop\u00f3sitos. La escritura, a trav\u00e9s de medios impresos y electr\u00f3nicos, se mantiene en esta primera mitad de Siglo XXI, como un medio de comunicaci\u00f3n importante entre los seres humanos. La variedad de escritos que una persona elabora a lo largo de su vida, son desde los mensajes de texto, los correos electr\u00f3nicos, los memorandos y oficios, hasta los ensayos, trabajos acad\u00e9micos, art\u00edculos hemerogr\u00e1ficos, tesis profesionales y de grado, as\u00ed como los libros texto y de otra naturaleza. El dominio de la ortograf\u00eda, la sintaxis, la fon\u00e9tica y en general de la gram\u00e1tica, se tornan de vital importancia al momento de escribir y tratar de comunicarnos. As\u00ed, pasamos una parte de nuestra vida, intentando mejorar la forma de transmitir a otros nuestros pensamientos e ideas. A partir de lo anterior, la presente obra busca coadyuvar en la elaboraci\u00f3n de los trabajos acad\u00e9micos y la tesis de grado; pero, sobre todo, en proporcionar elementos a cualquier persona que desee comunicarse asertivamente a trav\u00e9s de los medios escritos. En este sentido, el Manual debe ser consultado una y otra vez, hasta dominar con la maestr\u00eda necesaria, el arte de escribir apropiadamente y comunicarnos correctamente.<\/p>\n","protected":false},"featured_media":2191,"comment_status":"open","ping_status":"closed","template":"","meta":[],"product_brand":[],"product_cat":[102],"product_tag":[155,157],"class_list":{"0":"post-2188","1":"product","2":"type-product","3":"status-publish","4":"has-post-thumbnail","6":"product_cat-libros","7":"product_tag-como-hacer-una-tesis","8":"product_tag-manual-para-tesis","10":"first","11":"instock","12":"shipping-taxable","13":"purchasable","14":"product-type-simple"},"_links":{"self":[{"href":"https:\/\/culturaaduanera.com\/tienda\/wp-json\/wp\/v2\/product\/2188","targetHints":{"allow":["GET"]}}],"collection":[{"href":"https:\/\/culturaaduanera.com\/tienda\/wp-json\/wp\/v2\/product"}],"about":[{"href":"https:\/\/culturaaduanera.com\/tienda\/wp-json\/wp\/v2\/types\/product"}],"replies":[{"embeddable":true,"href":"https:\/\/culturaaduanera.com\/tienda\/wp-json\/wp\/v2\/comments?post=2188"}],"wp:featuredmedia":[{"embeddable":true,"href":"https:\/\/culturaaduanera.com\/tienda\/wp-json\/wp\/v2\/media\/2191"}],"wp:attachment":[{"href":"https:\/\/culturaaduanera.com\/tienda\/wp-json\/wp\/v2\/media?parent=2188"}],"wp:term":[{"taxonomy":"product_brand","embeddable":true,"href":"https:\/\/culturaaduanera.com\/tienda\/wp-json\/wp\/v2\/product_brand?post=2188"},{"taxonomy":"product_cat","embeddable":true,"href":"https:\/\/culturaaduanera.com\/tienda\/wp-json\/wp\/v2\/product_cat?post=2188"},{"taxonomy":"product_tag","embeddable":true,"href":"https:\/\/culturaaduanera.com\/tienda\/wp-json\/wp\/v2\/product_tag?post=2188"}],"curies":[{"name":"wp","href":"https:\/\/api.w.org\/{rel}","templated":true}]}}