{"id":2186,"date":"2024-01-09T12:26:22","date_gmt":"2024-01-09T18:26:22","guid":{"rendered":"https:\/\/libreriagutza.com\/?post_type=product&#038;p=2186"},"modified":"2026-03-11T10:52:43","modified_gmt":"2026-03-11T16:52:43","slug":"ensenanza-del-derecho","status":"publish","type":"product","link":"https:\/\/culturaaduanera.com\/tienda\/producto\/ensenanza-del-derecho\/","title":{"rendered":"Ense\u00f1anza del Derecho"},"content":{"rendered":"<p>A partir de una concepci\u00f3n heterodoxa de la ense\u00f1anza, nos atrevemos a afirmar que existe la necesidad imperiosa tanto de romper con los esquemas tradicionalistas y de reconceptualizar la educaci\u00f3n a partir de cambios de patrones en el docente, quien debe ser el primero en generar una nueva cultura del aprendizaje.<\/p>\n","protected":false},"excerpt":{"rendered":"<p>A partir de una concepci\u00f3n heterodoxa de la ense\u00f1anza, nos atrevemos a afirmar que existe la necesidad imperiosa tanto de romper con los esquemas tradicionalistas y de reconceptualizar la educaci\u00f3n a partir de cambios de patrones en el docente, quien debe ser el primero en generar una nueva cultura del aprendizaje.<\/p>\n","protected":false},"featured_media":2192,"comment_status":"open","ping_status":"closed","template":"","meta":[],"product_brand":[],"product_cat":[107,102],"product_tag":[153,154],"class_list":{"0":"post-2186","1":"product","2":"type-product","3":"status-publish","4":"has-post-thumbnail","6":"product_cat-juridicos","7":"product_cat-libros","8":"product_tag-aprendiendo-derecho","9":"product_tag-ensenanza-del-derecho","11":"first","12":"instock","13":"shipping-taxable","14":"purchasable","15":"product-type-simple"},"_links":{"self":[{"href":"https:\/\/culturaaduanera.com\/tienda\/wp-json\/wp\/v2\/product\/2186","targetHints":{"allow":["GET"]}}],"collection":[{"href":"https:\/\/culturaaduanera.com\/tienda\/wp-json\/wp\/v2\/product"}],"about":[{"href":"https:\/\/culturaaduanera.com\/tienda\/wp-json\/wp\/v2\/types\/product"}],"replies":[{"embeddable":true,"href":"https:\/\/culturaaduanera.com\/tienda\/wp-json\/wp\/v2\/comments?post=2186"}],"wp:featuredmedia":[{"embeddable":true,"href":"https:\/\/culturaaduanera.com\/tienda\/wp-json\/wp\/v2\/media\/2192"}],"wp:attachment":[{"href":"https:\/\/culturaaduanera.com\/tienda\/wp-json\/wp\/v2\/media?parent=2186"}],"wp:term":[{"taxonomy":"product_brand","embeddable":true,"href":"https:\/\/culturaaduanera.com\/tienda\/wp-json\/wp\/v2\/product_brand?post=2186"},{"taxonomy":"product_cat","embeddable":true,"href":"https:\/\/culturaaduanera.com\/tienda\/wp-json\/wp\/v2\/product_cat?post=2186"},{"taxonomy":"product_tag","embeddable":true,"href":"https:\/\/culturaaduanera.com\/tienda\/wp-json\/wp\/v2\/product_tag?post=2186"}],"curies":[{"name":"wp","href":"https:\/\/api.w.org\/{rel}","templated":true}]}}