{"id":1975,"date":"2023-09-22T17:10:54","date_gmt":"2023-09-22T17:10:54","guid":{"rendered":"https:\/\/libreriagutza.com\/?post_type=product&#038;p=1975"},"modified":"2026-03-25T10:53:22","modified_gmt":"2026-03-25T16:53:22","slug":"valoracion-aduanera-impreso","status":"publish","type":"product","link":"https:\/\/culturaaduanera.com\/tienda\/producto\/valoracion-aduanera-impreso\/","title":{"rendered":"Valoraci\u00f3n Aduanera"},"content":{"rendered":"<p>La presente obra busca orientar al lector respecto de la Valoraci\u00f3n Aduanera, desde su \u00e1mbito de creaci\u00f3n dentro del GATT, adem\u00e1s del estudio de los organismos internacionales que intervienen en su administraci\u00f3n y desarrollo. Asimismo, se analiza la metodolog\u00eda que establece el denominado \u201cAcuerdo de Valor\u201d, referente indispensable para la comprensi\u00f3n del cap\u00edtulo denominado Base Gravable en la Ley Aduanera.<\/p>\n<p>Se abordan los temas relativos a los m\u00e9todos de valor que dispone el GATT y la legislaci\u00f3n mexicana, as\u00ed como su aplicaci\u00f3n, los gastos incrementables y los gastos no incrementables. Tambi\u00e9n se incluye el estudio de los Comit\u00e9s que resuelven controversias relativos a la determinaci\u00f3n del valor.<\/p>\n<p>Nuestro pa\u00eds, ha establecido otras disposiciones relacionadas con el valor en aduana, como lo son, las consultas en materia de comercio exterior, el rechazo del valor, as\u00ed como las fuentes para motivar las re soluciones; por tal motivo se estudian dichas circunstancias.<\/p>\n<p>Por \u00faltimo, se realiza un breve an\u00e1lisis de derecho comparado con pa\u00edses como la Uni\u00f3n Europea, China, Canad\u00e1, entre otros.<\/p>\n","protected":false},"excerpt":{"rendered":"<p>La presente obra busca orientar al lector respecto de la Valoraci\u00f3n Aduanera, desde su \u00e1mbito de creaci\u00f3n dentro del GATT, adem\u00e1s del estudio de los organismos internacionales que intervienen en su administraci\u00f3n y desarrollo. Asimismo, se analiza la metodolog\u00eda que establece el denominado \u201cAcuerdo de Valor\u201d, referente indispensable para la comprensi\u00f3n del cap\u00edtulo denominado Base Gravable en la Ley Aduanera. Se abordan los temas relativos a los m\u00e9todos de valor que dispone el GATT y la legislaci\u00f3n mexicana, as\u00ed como su aplicaci\u00f3n, los gastos incrementables y los gastos no incrementables. Tambi\u00e9n se incluye el estudio de los Comit\u00e9s que resuelven controversias relativos a la determinaci\u00f3n del valor. Nuestro pa\u00eds, ha establecido otras disposiciones relacionadas con el valor en aduana, como lo son, las consultas en materia de comercio exterior, el rechazo del valor, as\u00ed como las fuentes para motivar las re soluciones; por tal motivo se estudian dichas circunstancias. Por \u00faltimo, se realiza un breve an\u00e1lisis de derecho comparado con pa\u00edses como la Uni\u00f3n Europea, China, Canad\u00e1, entre otros.<\/p>\n","protected":false},"featured_media":1976,"comment_status":"open","ping_status":"closed","template":"","meta":[],"product_brand":[],"product_cat":[103,102],"product_tag":[305],"class_list":{"0":"post-1975","1":"product","2":"type-product","3":"status-publish","4":"has-post-thumbnail","6":"product_cat-comercio-exterior-libros","7":"product_cat-libros","8":"product_tag-valoracion-aduanera","10":"first","11":"instock","12":"shipping-taxable","13":"purchasable","14":"product-type-simple"},"_links":{"self":[{"href":"https:\/\/culturaaduanera.com\/tienda\/wp-json\/wp\/v2\/product\/1975","targetHints":{"allow":["GET"]}}],"collection":[{"href":"https:\/\/culturaaduanera.com\/tienda\/wp-json\/wp\/v2\/product"}],"about":[{"href":"https:\/\/culturaaduanera.com\/tienda\/wp-json\/wp\/v2\/types\/product"}],"replies":[{"embeddable":true,"href":"https:\/\/culturaaduanera.com\/tienda\/wp-json\/wp\/v2\/comments?post=1975"}],"wp:featuredmedia":[{"embeddable":true,"href":"https:\/\/culturaaduanera.com\/tienda\/wp-json\/wp\/v2\/media\/1976"}],"wp:attachment":[{"href":"https:\/\/culturaaduanera.com\/tienda\/wp-json\/wp\/v2\/media?parent=1975"}],"wp:term":[{"taxonomy":"product_brand","embeddable":true,"href":"https:\/\/culturaaduanera.com\/tienda\/wp-json\/wp\/v2\/product_brand?post=1975"},{"taxonomy":"product_cat","embeddable":true,"href":"https:\/\/culturaaduanera.com\/tienda\/wp-json\/wp\/v2\/product_cat?post=1975"},{"taxonomy":"product_tag","embeddable":true,"href":"https:\/\/culturaaduanera.com\/tienda\/wp-json\/wp\/v2\/product_tag?post=1975"}],"curies":[{"name":"wp","href":"https:\/\/api.w.org\/{rel}","templated":true}]}}