{"id":1968,"date":"2023-09-22T17:01:42","date_gmt":"2023-09-22T17:01:42","guid":{"rendered":"https:\/\/libreriagutza.com\/?post_type=product&#038;p=1968"},"modified":"2026-03-25T10:53:07","modified_gmt":"2026-03-25T16:53:07","slug":"t-mec-comentado-tomo-1-impreso","status":"publish","type":"product","link":"https:\/\/culturaaduanera.com\/tienda\/producto\/t-mec-comentado-tomo-1-impreso\/","title":{"rendered":"T-MEC Comentado Tomo 1"},"content":{"rendered":"<p>En este libro (denominado T-MEC comentado), el Centro Universitario de Estados Jur\u00eddicos (CUEJ) tiene el agrado de presentar el texto original en espa\u00f1ol del Tratado entre los Estados Unidos Mexicanos, los Estados Unidos de Am\u00e9rica y Canad\u00e1 (T-MEC), el cual se ha publicado con los comentarios de tres distinguidos profesores de este centro universitario: Mtro. Jos\u00e9 Ram\u00f3n J\u00e1uregui Tejeda, Dr. Hadar Moreno Valdez y Mtro. Ricardo M\u00e9ndez Castro. Por la extensi\u00f3n del tratado, el proyecto editorial del T-MEC comentado tuvo que dividirse en tres tomos, siendo este el tomo 1, el cual abarca del cap\u00edtulo 1 al cap\u00edtulo 4 del T-MEC. Y como novedad, el T-MEC comentado contiene c\u00f3digos QR, los cuales pueden escanearse para descargar varios videos, en los cuales cada comentarista se refiere al cap\u00edtulo que cada uno analiz\u00f3. Sin duda, el T-MEC es uno de los principales tratados que ha celebrado M\u00e9xico y que posibilitar\u00e1 que nuestro pa\u00eds se constituya en una potencia exportadora. Por tanto, conocer y aplicar correctamente el T-MEC es de suma trascendencia a fin de fortalecer el comercio exterior de M\u00e9xico, su Estado de derecho y su econom\u00eda.<\/p>\n","protected":false},"excerpt":{"rendered":"<p>En este libro (denominado T-MEC comentado), el Centro Universitario de Estados Jur\u00eddicos (CUEJ) tiene el agrado de presentar el texto original en espa\u00f1ol del Tratado entre los Estados Unidos Mexicanos, los Estados Unidos de Am\u00e9rica y Canad\u00e1 (T-MEC), el cual se ha publicado con los comentarios de tres distinguidos profesores de este centro universitario: Mtro. Jos\u00e9 Ram\u00f3n J\u00e1uregui Tejeda, Dr. Hadar Moreno Valdez y Mtro. Ricardo M\u00e9ndez Castro. Por la extensi\u00f3n del tratado, el proyecto editorial del T-MEC comentado tuvo que dividirse en tres tomos, siendo este el tomo 1, el cual abarca del cap\u00edtulo 1 al cap\u00edtulo 4 del T-MEC. Y como novedad, el T-MEC comentado contiene c\u00f3digos QR, los cuales pueden escanearse para descargar varios videos, en los cuales cada comentarista se refiere al cap\u00edtulo que cada uno analiz\u00f3. Sin duda, el T-MEC es uno de los principales tratados que ha celebrado M\u00e9xico y que posibilitar\u00e1 que nuestro pa\u00eds se constituya en una potencia exportadora. Por tanto, conocer y aplicar correctamente el T-MEC es de suma trascendencia a fin de fortalecer el comercio exterior de M\u00e9xico, su Estado de derecho y su econom\u00eda.<\/p>\n","protected":false},"featured_media":1969,"comment_status":"open","ping_status":"closed","template":"","meta":[],"product_brand":[],"product_cat":[103,102],"product_tag":[260],"class_list":{"0":"post-1968","1":"product","2":"type-product","3":"status-publish","4":"has-post-thumbnail","6":"product_cat-comercio-exterior-libros","7":"product_cat-libros","8":"product_tag-t-mec","10":"first","11":"instock","12":"shipping-taxable","13":"purchasable","14":"product-type-simple"},"_links":{"self":[{"href":"https:\/\/culturaaduanera.com\/tienda\/wp-json\/wp\/v2\/product\/1968","targetHints":{"allow":["GET"]}}],"collection":[{"href":"https:\/\/culturaaduanera.com\/tienda\/wp-json\/wp\/v2\/product"}],"about":[{"href":"https:\/\/culturaaduanera.com\/tienda\/wp-json\/wp\/v2\/types\/product"}],"replies":[{"embeddable":true,"href":"https:\/\/culturaaduanera.com\/tienda\/wp-json\/wp\/v2\/comments?post=1968"}],"wp:featuredmedia":[{"embeddable":true,"href":"https:\/\/culturaaduanera.com\/tienda\/wp-json\/wp\/v2\/media\/1969"}],"wp:attachment":[{"href":"https:\/\/culturaaduanera.com\/tienda\/wp-json\/wp\/v2\/media?parent=1968"}],"wp:term":[{"taxonomy":"product_brand","embeddable":true,"href":"https:\/\/culturaaduanera.com\/tienda\/wp-json\/wp\/v2\/product_brand?post=1968"},{"taxonomy":"product_cat","embeddable":true,"href":"https:\/\/culturaaduanera.com\/tienda\/wp-json\/wp\/v2\/product_cat?post=1968"},{"taxonomy":"product_tag","embeddable":true,"href":"https:\/\/culturaaduanera.com\/tienda\/wp-json\/wp\/v2\/product_tag?post=1968"}],"curies":[{"name":"wp","href":"https:\/\/api.w.org\/{rel}","templated":true}]}}