{"id":1965,"date":"2023-09-22T16:58:44","date_gmt":"2023-09-22T16:58:44","guid":{"rendered":"https:\/\/libreriagutza.com\/?post_type=product&#038;p=1965"},"modified":"2026-03-25T10:43:29","modified_gmt":"2026-03-25T16:43:29","slug":"dfi12","status":"publish","type":"product","link":"https:\/\/culturaaduanera.com\/tienda\/producto\/dfi12\/","title":{"rendered":"Derecho Fiscal Internacional Tomo I y Tomo II"},"content":{"rendered":"<p>El presente libro es novedoso, en cuanto a que hay muy poca literatura en M\u00e9xico respecto del Derecho Fiscal Internacional. As\u00ed, la obra cumple con una doble finalidad: ser una gran aportaci\u00f3n a este tema tan poco explorado y ser la base para el desarrollo de la materia del mismo nombre que se imparte\u00a0en el Centro Universitario de Estudios Jur\u00eddicos y en otras universidades.<\/p>\n","protected":false},"excerpt":{"rendered":"<p>El presente libro es novedoso, en cuanto a que hay muy poca literatura en M\u00e9xico respecto del Derecho Fiscal Internacional. As\u00ed, la obra cumple con una doble finalidad: ser una gran aportaci\u00f3n a este tema tan poco explorado y ser la base para el desarrollo de la materia del mismo nombre que se imparte\u00a0en el Centro Universitario de Estudios Jur\u00eddicos y en otras universidades.<\/p>\n","protected":false},"featured_media":1966,"comment_status":"open","ping_status":"closed","template":"","meta":[],"product_brand":[],"product_cat":[105,102],"product_tag":[307],"class_list":{"0":"post-1965","1":"product","2":"type-product","3":"status-publish","4":"has-post-thumbnail","6":"product_cat-fiscal-general","7":"product_cat-libros","8":"product_tag-derecho-fiscal-internacional","10":"first","11":"instock","12":"shipping-taxable","13":"purchasable","14":"product-type-simple"},"_links":{"self":[{"href":"https:\/\/culturaaduanera.com\/tienda\/wp-json\/wp\/v2\/product\/1965","targetHints":{"allow":["GET"]}}],"collection":[{"href":"https:\/\/culturaaduanera.com\/tienda\/wp-json\/wp\/v2\/product"}],"about":[{"href":"https:\/\/culturaaduanera.com\/tienda\/wp-json\/wp\/v2\/types\/product"}],"replies":[{"embeddable":true,"href":"https:\/\/culturaaduanera.com\/tienda\/wp-json\/wp\/v2\/comments?post=1965"}],"wp:featuredmedia":[{"embeddable":true,"href":"https:\/\/culturaaduanera.com\/tienda\/wp-json\/wp\/v2\/media\/1966"}],"wp:attachment":[{"href":"https:\/\/culturaaduanera.com\/tienda\/wp-json\/wp\/v2\/media?parent=1965"}],"wp:term":[{"taxonomy":"product_brand","embeddable":true,"href":"https:\/\/culturaaduanera.com\/tienda\/wp-json\/wp\/v2\/product_brand?post=1965"},{"taxonomy":"product_cat","embeddable":true,"href":"https:\/\/culturaaduanera.com\/tienda\/wp-json\/wp\/v2\/product_cat?post=1965"},{"taxonomy":"product_tag","embeddable":true,"href":"https:\/\/culturaaduanera.com\/tienda\/wp-json\/wp\/v2\/product_tag?post=1965"}],"curies":[{"name":"wp","href":"https:\/\/api.w.org\/{rel}","templated":true}]}}