{"id":1947,"date":"2023-09-22T16:28:03","date_gmt":"2023-09-22T16:28:03","guid":{"rendered":"https:\/\/libreriagutza.com\/?post_type=product&#038;p=1947"},"modified":"2026-03-25T10:42:46","modified_gmt":"2026-03-25T16:42:46","slug":"personas-libro-impreso","status":"publish","type":"product","link":"https:\/\/culturaaduanera.com\/tienda\/producto\/personas-libro-impreso\/","title":{"rendered":"Personas"},"content":{"rendered":"<p>La presente obra es expuesta de una manera sencilla, pr\u00e1ctica y actualizada respecto de las diferentes formas en que se puede ver a las personas f\u00edsicas y morales, sus diferentes perspectivas, atributos de la personalidad; analizando incluso los derechos de aquellas personas que todav\u00eda no han nacido o aquellas que han perdido la vida, as\u00ed como los sujetos sin personalidad jur\u00eddica. Su conocimiento es vital para el ejercicio de la profesi\u00f3n y el entendimiento de nuestro derecho.<\/p>\n","protected":false},"excerpt":{"rendered":"<p>La presente obra es expuesta de una manera sencilla, pr\u00e1ctica y actualizada respecto de las diferentes formas en que se puede ver a las personas f\u00edsicas y morales, sus diferentes perspectivas, atributos de la personalidad; analizando incluso los derechos de aquellas personas que todav\u00eda no han nacido o aquellas que han perdido la vida, as\u00ed como los sujetos sin personalidad jur\u00eddica. Su conocimiento es vital para el ejercicio de la profesi\u00f3n y el entendimiento de nuestro derecho.<\/p>\n","protected":false},"featured_media":1948,"comment_status":"open","ping_status":"closed","template":"","meta":[],"product_brand":[],"product_cat":[107,102],"product_tag":[],"class_list":{"0":"post-1947","1":"product","2":"type-product","3":"status-publish","4":"has-post-thumbnail","6":"product_cat-juridicos","7":"product_cat-libros","9":"first","10":"instock","11":"shipping-taxable","12":"purchasable","13":"product-type-simple"},"_links":{"self":[{"href":"https:\/\/culturaaduanera.com\/tienda\/wp-json\/wp\/v2\/product\/1947","targetHints":{"allow":["GET"]}}],"collection":[{"href":"https:\/\/culturaaduanera.com\/tienda\/wp-json\/wp\/v2\/product"}],"about":[{"href":"https:\/\/culturaaduanera.com\/tienda\/wp-json\/wp\/v2\/types\/product"}],"replies":[{"embeddable":true,"href":"https:\/\/culturaaduanera.com\/tienda\/wp-json\/wp\/v2\/comments?post=1947"}],"wp:featuredmedia":[{"embeddable":true,"href":"https:\/\/culturaaduanera.com\/tienda\/wp-json\/wp\/v2\/media\/1948"}],"wp:attachment":[{"href":"https:\/\/culturaaduanera.com\/tienda\/wp-json\/wp\/v2\/media?parent=1947"}],"wp:term":[{"taxonomy":"product_brand","embeddable":true,"href":"https:\/\/culturaaduanera.com\/tienda\/wp-json\/wp\/v2\/product_brand?post=1947"},{"taxonomy":"product_cat","embeddable":true,"href":"https:\/\/culturaaduanera.com\/tienda\/wp-json\/wp\/v2\/product_cat?post=1947"},{"taxonomy":"product_tag","embeddable":true,"href":"https:\/\/culturaaduanera.com\/tienda\/wp-json\/wp\/v2\/product_tag?post=1947"}],"curies":[{"name":"wp","href":"https:\/\/api.w.org\/{rel}","templated":true}]}}