{"id":1943,"date":"2023-09-22T16:18:36","date_gmt":"2023-09-22T16:18:36","guid":{"rendered":"https:\/\/libreriagutza.com\/?post_type=product&#038;p=1943"},"modified":"2026-03-25T10:42:36","modified_gmt":"2026-03-25T16:42:36","slug":"derechos-humanos-impreso","status":"publish","type":"product","link":"https:\/\/culturaaduanera.com\/tienda\/producto\/derechos-humanos-impreso\/","title":{"rendered":"Derechos Humanos"},"content":{"rendered":"<p>&#8220;En tiempos de crisis, como el que hoy caracteriza a nuestra \u00e9poca (segunda d\u00e9cada del Siglo XXI), es menester que salga lo mejor de la humanidad.<br \/>\nEn el terreno cient\u00edfico jur\u00eddico, la necesidad de que la investigaci\u00f3n se oriente a contribuir efectivamente en las soluciones a las problem\u00e1ticas que aquejan a la sociedad, no es opcional, es obligatorio.<br \/>\nEl texto que nos ocupa aborda una de las tem\u00e1ticas esenciales tanto para la teor\u00eda, como para la pr\u00e1ctica jur\u00eddica: los derechos humanos.<br \/>\nEste libro, desarrolla el concierto de autores ya cl\u00e1sicos, como lo es Jaime C\u00e1rdenas Gracias, as\u00ed como de noveles valores como Alfonso Mendoza Ju\u00e1rez, pasando por una amplia diversidad de juristas consolidados (Juan Rabindrana Cisneros Garc\u00eda, Sandra Gisela G\u00f3mez Jaimes, Carlos Arturo Mart\u00ednez Negrete, Carlos Ortega Laurel, Francisco P\u00e9rez Mart\u00ednez, Carlos Alberto Aguilar Blancas, Alfonso Mendoza Ju\u00e1rez, Wendy God\u00ednez Mend\u00e9z y Lawrence Flores Ayvar) quienes abordan el an\u00e1lisis cr\u00edtico de diversos fen\u00f3menos jur\u00eddicos vinculados a los derechos humanos, mismos que adem\u00e1s del ejercicio anal\u00edtico, dan un paso m\u00e1s, al proponer construcciones doctrinarias en el campo doctrinario, as\u00ed como soluciones en el f\u00e1ctico.<br \/>\nSeguramente este material, ocupar\u00e1 en breve tiempo un espacio de referencia obligada para la discusi\u00f3n de los derechos humanos, en el terreno de la teor\u00eda jur\u00eddica contempor\u00e1nea.&#8221;<\/p>\n","protected":false},"excerpt":{"rendered":"<p>&#8220;En tiempos de crisis, como el que hoy caracteriza a nuestra \u00e9poca (segunda d\u00e9cada del Siglo XXI), es menester que salga lo mejor de la humanidad. En el terreno cient\u00edfico jur\u00eddico, la necesidad de que la investigaci\u00f3n se oriente a contribuir efectivamente en las soluciones a las problem\u00e1ticas que aquejan a la sociedad, no es opcional, es obligatorio. El texto que nos ocupa aborda una de las tem\u00e1ticas esenciales tanto para la teor\u00eda, como para la pr\u00e1ctica jur\u00eddica: los derechos humanos. Este libro, desarrolla el concierto de autores ya cl\u00e1sicos, como lo es Jaime C\u00e1rdenas Gracias, as\u00ed como de noveles valores como Alfonso Mendoza Ju\u00e1rez, pasando por una amplia diversidad de juristas consolidados (Juan Rabindrana Cisneros Garc\u00eda, Sandra Gisela G\u00f3mez Jaimes, Carlos Arturo Mart\u00ednez Negrete, Carlos Ortega Laurel, Francisco P\u00e9rez Mart\u00ednez, Carlos Alberto Aguilar Blancas, Alfonso Mendoza Ju\u00e1rez, Wendy God\u00ednez Mend\u00e9z y Lawrence Flores Ayvar) quienes abordan el an\u00e1lisis cr\u00edtico de diversos fen\u00f3menos jur\u00eddicos vinculados a los derechos humanos, mismos que adem\u00e1s del ejercicio anal\u00edtico, dan un paso m\u00e1s, al proponer construcciones doctrinarias en el campo doctrinario, as\u00ed como soluciones en el f\u00e1ctico. Seguramente este material, ocupar\u00e1 en breve tiempo un espacio de referencia obligada para la discusi\u00f3n de los derechos humanos, en el terreno de la teor\u00eda jur\u00eddica contempor\u00e1nea.&#8221;<\/p>\n","protected":false},"featured_media":1944,"comment_status":"open","ping_status":"closed","template":"","meta":[],"product_brand":[],"product_cat":[107,102],"product_tag":[],"class_list":{"0":"post-1943","1":"product","2":"type-product","3":"status-publish","4":"has-post-thumbnail","6":"product_cat-juridicos","7":"product_cat-libros","9":"first","10":"instock","11":"shipping-taxable","12":"purchasable","13":"product-type-simple"},"_links":{"self":[{"href":"https:\/\/culturaaduanera.com\/tienda\/wp-json\/wp\/v2\/product\/1943","targetHints":{"allow":["GET"]}}],"collection":[{"href":"https:\/\/culturaaduanera.com\/tienda\/wp-json\/wp\/v2\/product"}],"about":[{"href":"https:\/\/culturaaduanera.com\/tienda\/wp-json\/wp\/v2\/types\/product"}],"replies":[{"embeddable":true,"href":"https:\/\/culturaaduanera.com\/tienda\/wp-json\/wp\/v2\/comments?post=1943"}],"wp:featuredmedia":[{"embeddable":true,"href":"https:\/\/culturaaduanera.com\/tienda\/wp-json\/wp\/v2\/media\/1944"}],"wp:attachment":[{"href":"https:\/\/culturaaduanera.com\/tienda\/wp-json\/wp\/v2\/media?parent=1943"}],"wp:term":[{"taxonomy":"product_brand","embeddable":true,"href":"https:\/\/culturaaduanera.com\/tienda\/wp-json\/wp\/v2\/product_brand?post=1943"},{"taxonomy":"product_cat","embeddable":true,"href":"https:\/\/culturaaduanera.com\/tienda\/wp-json\/wp\/v2\/product_cat?post=1943"},{"taxonomy":"product_tag","embeddable":true,"href":"https:\/\/culturaaduanera.com\/tienda\/wp-json\/wp\/v2\/product_tag?post=1943"}],"curies":[{"name":"wp","href":"https:\/\/api.w.org\/{rel}","templated":true}]}}