{"id":1153,"date":"2023-03-15T13:58:20","date_gmt":"2023-03-15T13:58:20","guid":{"rendered":"https:\/\/libreriagutza.com\/?page_id=1153"},"modified":"2024-05-06T12:53:49","modified_gmt":"2024-05-06T17:53:49","slug":"promociones","status":"publish","type":"page","link":"https:\/\/culturaaduanera.com\/tienda\/promociones\/","title":{"rendered":"Promociones"},"content":{"rendered":"<p><input type=\"hidden\"\n\t\t\t\t       value=\"{&quot;source&quot;:&quot;custom_query&quot;,&quot;action&quot;:&quot;product_infinite_load&quot;,&quot;max_num_pages&quot;:1,&quot;found_posts&quot;:1,&quot;count&quot;:1,&quot;query_vars&quot;:{&quot;post_type&quot;:&quot;product&quot;,&quot;posts_per_page&quot;:10,&quot;orderby&quot;:&quot;woo_on_sale&quot;,&quot;order&quot;:&quot;DESC&quot;,&quot;post_status&quot;:&quot;publish&quot;,&quot;post__in&quot;:[0,2426],&quot;tax_query&quot;:[{&quot;taxonomy&quot;:&quot;product_visibility&quot;,&quot;field&quot;:&quot;slug&quot;,&quot;terms&quot;:[&quot;exclude-from-search&quot;,&quot;outofstock&quot;],&quot;operator&quot;:&quot;NOT IN&quot;}],&quot;paged&quot;:1},&quot;settings&quot;:{&quot;style&quot;:&quot;grid-01&quot;,&quot;caption_style&quot;:&quot;01&quot;,&quot;show_price&quot;:1,&quot;show_variation&quot;:1,&quot;show_category&quot;:0,&quot;show_brand&quot;:0,&quot;show_rating&quot;:0,&quot;show_availability&quot;:0,&quot;show_stock_bar&quot;:0}}\"\/><br \/>\n\t\t\t\t\t\t\t-7%Nuevo<br \/>\n\t\t\t\t<a href=\"https:\/\/culturaaduanera.com\/tienda\/producto\/ligie-notas-explicativas-criterios-de-clasificacion-arancelaria-combo-maestro\/\"><br \/>\n\t\t\t\t\t<img loading=\"lazy\" decoding=\"async\"  src=\"data:image\/svg+xml;charset=utf8,%3Csvg%20xmlns%3D%22http:\/\/www.w3.org\/2000\/svg%22%20viewBox%3D%220%200%20300%20300%22%3E%3C%2Fsvg%3E\" width=\"300\" height=\"300\" alt=\"LIGIE + Notas Explicativas + Criterios de Clasificaci\u00f3n Arancelaria (Combo maestro)\" data-src=\"https:\/\/culturaaduanera.com\/tienda\/wp-content\/uploads\/2024\/05\/COMBO-MAESTRO-300x300.jpg\" \/><br \/>\n\t\t\t\t<\/a><br \/>\n\t\t\t<a href=\"#\">Vista r\u00e1pida<\/a><br \/>\n\t<a href=\"?add-to-cart=2426\" data-quantity=\"1\" data-product_id=\"2426\" data-product_sku=\"\" aria-label=\"Add to cart: &ldquo;LIGIE + Notas Explicativas + Criterios de Clasificaci\u00f3n Arancelaria (Combo maestro)&rdquo;\" aria-describedby=\"\" rel=\"nofollow\">A\u00f1adir al carrito<\/a><\/p>\n<h3>\n\t\t\t<a href=\"https:\/\/culturaaduanera.com\/tienda\/producto\/ligie-notas-explicativas-criterios-de-clasificacion-arancelaria-combo-maestro\/\">LIGIE + Notas Explicativas + Criterios de Clasificaci\u00f3n Arancelaria (Combo maestro)<\/a><br \/>\n\t\t<\/h3>\n<p>\t<del aria-hidden=\"true\"><bdi>&#36;2,999.00<\/bdi><\/del> <ins><bdi>&#36;2,799.00<\/bdi><\/ins><\/p>\n<style>\/*! elementor - v3.20.0 - 26-03-2024 *\/\n.elementor-column .elementor-spacer-inner{height:var(--spacer-size)}.e-con{--container-widget-width:100%}.e-con-inner>.elementor-widget-spacer,.e-con>.elementor-widget-spacer{width:var(--container-widget-width,var(--spacer-size));--align-self:var(--container-widget-align-self,initial);--flex-shrink:0}.e-con-inner>.elementor-widget-spacer>.elementor-widget-container,.e-con>.elementor-widget-spacer>.elementor-widget-container{height:100%;width:100%}.e-con-inner>.elementor-widget-spacer>.elementor-widget-container>.elementor-spacer,.e-con>.elementor-widget-spacer>.elementor-widget-container>.elementor-spacer{height:100%}.e-con-inner>.elementor-widget-spacer>.elementor-widget-container>.elementor-spacer>.elementor-spacer-inner,.e-con>.elementor-widget-spacer>.elementor-widget-container>.elementor-spacer>.elementor-spacer-inner{height:var(--container-widget-height,var(--spacer-size))}.e-con-inner>.elementor-widget-spacer.elementor-widget-empty,.e-con>.elementor-widget-spacer.elementor-widget-empty{position:relative;min-height:22px;min-width:22px}.e-con-inner>.elementor-widget-spacer.elementor-widget-empty .elementor-widget-empty-icon,.e-con>.elementor-widget-spacer.elementor-widget-empty .elementor-widget-empty-icon{position:absolute;top:0;bottom:0;left:0;right:0;margin:auto;padding:0;width:22px;height:22px}<\/style>\n","protected":false},"excerpt":{"rendered":"<p>-7%Nuevo Vista r\u00e1pida A\u00f1adir al carrito LIGIE + Notas Explicativas + Criterios de Clasificaci\u00f3n Arancelaria (Combo maestro) &#36;2,999.00 &#36;2,799.00<\/p>\n","protected":false},"author":1,"featured_media":0,"parent":0,"menu_order":0,"comment_status":"closed","ping_status":"closed","template":"","meta":{"footnotes":""},"class_list":["post-1153","page","type-page","status-publish","hentry","post-no-thumbnail"],"_links":{"self":[{"href":"https:\/\/culturaaduanera.com\/tienda\/wp-json\/wp\/v2\/pages\/1153","targetHints":{"allow":["GET"]}}],"collection":[{"href":"https:\/\/culturaaduanera.com\/tienda\/wp-json\/wp\/v2\/pages"}],"about":[{"href":"https:\/\/culturaaduanera.com\/tienda\/wp-json\/wp\/v2\/types\/page"}],"author":[{"embeddable":true,"href":"https:\/\/culturaaduanera.com\/tienda\/wp-json\/wp\/v2\/users\/1"}],"replies":[{"embeddable":true,"href":"https:\/\/culturaaduanera.com\/tienda\/wp-json\/wp\/v2\/comments?post=1153"}],"version-history":[{"count":26,"href":"https:\/\/culturaaduanera.com\/tienda\/wp-json\/wp\/v2\/pages\/1153\/revisions"}],"predecessor-version":[{"id":2436,"href":"https:\/\/culturaaduanera.com\/tienda\/wp-json\/wp\/v2\/pages\/1153\/revisions\/2436"}],"wp:attachment":[{"href":"https:\/\/culturaaduanera.com\/tienda\/wp-json\/wp\/v2\/media?parent=1153"}],"curies":[{"name":"wp","href":"https:\/\/api.w.org\/{rel}","templated":true}]}}